{"id":942,"date":"2021-11-25T10:57:21","date_gmt":"2021-11-25T09:57:21","guid":{"rendered":"https:\/\/investors.vivagroup.se\/articles-of-association\/"},"modified":"2025-11-06T16:15:53","modified_gmt":"2025-11-06T15:15:53","slug":"bolagsordning","status":"publish","type":"page","link":"https:\/\/investors.vivagroup.se\/sv\/bolagsordning\/","title":{"rendered":"Bolagsordning"},"content":{"rendered":"\n            <section class=\"section header\" id=\"block_eb192ff6f48820605fc99d8270db7092\" style=\"background: linear-gradient(0deg, rgba(0, 0, 0, 0.3), rgba(0, 0, 0, 0.3)), url('https:\/\/investors.vivagroup.se\/wp-content\/uploads\/2021\/11\/Vingard-Italien-i-solnedgang-iStock-477786438-M-1.jpg'), #EFEFEF\">\n            <article class=\"hero__content editor-content\">\n                <span class=\"badge\"><\/span>\n                            <\/article>\n        <\/section>\n                <nav class=\"navbar navbar-expand-lg navbar-light\" id=\"ir-navbar\">\n            <div class=\"nav-toggle collapsed\" data-bs-toggle=\"collapse\" data-bs-target=\"#ir-menu\" aria-controls=\"ir-menu\" aria-expanded=\"false\" aria-label=\"Toggle navigation\">\n                <a class=\"m-0 text-secondary\">Investors<\/a>\n            <\/div>\n\n            <div class=\"collapse navbar-collapse\" id=\"ir-menu\">\n                <ul id=\"menu-ir-swedish\" class=\"navbar-nav justify-content-center mb-2 mb-md-0 p-0 navbar-nav container-fluid\"><li  id=\"menu-item-3544\" class=\"menu-item menu-item-type-custom menu-item-object-custom menu-item-has-children dropdown nav-item nav-item-3544\"><a href=\"#\" class=\"nav-link  dropdown-toggle\" data-bs-toggle=\"dropdown\" aria-haspopup=\"true\" aria-expanded=\"false\">Erbjudandehandlingar<\/a>\n<ul class=\"dropdown-menu  depth_0\">\n\t<li  id=\"menu-item-3723\" class=\"menu-item menu-item-type-post_type menu-item-object-page nav-item nav-item-3723\"><a href=\"https:\/\/investors.vivagroup.se\/sv\/notering-nasdaq-stockholm-2025\/\" class=\"dropdown-item \">Notering Nasdaq Stockholm 2025<\/a><\/li>\n\t<li  id=\"menu-item-3543\" class=\"menu-item menu-item-type-post_type menu-item-object-page nav-item nav-item-3543\"><a href=\"https:\/\/investors.vivagroup.se\/sv\/nyemission-2025\/\" class=\"dropdown-item \">Nyemission 2025<\/a><\/li>\n\t<li  id=\"menu-item-1091\" class=\"menu-item menu-item-type-post_type menu-item-object-page nav-item nav-item-1091\"><a href=\"https:\/\/investors.vivagroup.se\/sv\/ipo\/\" class=\"dropdown-item \">IPO<\/a><\/li>\n<\/ul>\n<\/li>\n<li  id=\"menu-item-1093\" class=\"menu-item menu-item-type-post_type menu-item-object-page nav-item nav-item-1093\"><a href=\"https:\/\/investors.vivagroup.se\/sv\/rapporter-presentationer\/\" class=\"nav-link \">Rapporter &#038; presentationer<\/a><\/li>\n<li  id=\"menu-item-1092\" class=\"menu-item menu-item-type-post_type menu-item-object-page nav-item nav-item-1092\"><a href=\"https:\/\/investors.vivagroup.se\/sv\/pressmeddelanden\/\" class=\"nav-link \">Pressmeddelanden<\/a><\/li>\n<li  id=\"menu-item-1094\" class=\"menu-item menu-item-type-post_type menu-item-object-page menu-item-has-children dropdown nav-item nav-item-1094\"><a href=\"https:\/\/investors.vivagroup.se\/sv\/corporate-governance\/\" class=\"nav-link  dropdown-toggle\" data-bs-toggle=\"dropdown\" aria-haspopup=\"true\" aria-expanded=\"false\">Bolagsstyrning<\/a>\n<ul class=\"dropdown-menu  depth_0\">\n\t<li  id=\"menu-item-1449\" class=\"menu-item menu-item-type-post_type menu-item-object-page nav-item nav-item-1449\"><a href=\"https:\/\/investors.vivagroup.se\/sv\/corporate-governance\/\" class=\"dropdown-item \">Bolagsstyrning<\/a><\/li>\n\t<li  id=\"menu-item-1113\" class=\"menu-item menu-item-type-post_type menu-item-object-page nav-item nav-item-1113\"><a href=\"https:\/\/investors.vivagroup.se\/sv\/bolagsordning\/\" class=\"dropdown-item \">Bolagsordning<\/a><\/li>\n\t<li  id=\"menu-item-1099\" class=\"menu-item menu-item-type-post_type menu-item-object-page nav-item nav-item-1099\"><a href=\"https:\/\/investors.vivagroup.se\/sv\/bolagsstamma\/\" class=\"dropdown-item \">Bolagsst\u00e4mma<\/a><\/li>\n\t<li  id=\"menu-item-1111\" class=\"menu-item menu-item-type-post_type menu-item-object-page nav-item nav-item-1111\"><a href=\"https:\/\/investors.vivagroup.se\/sv\/revisorer\/\" class=\"dropdown-item \">Revisorer<\/a><\/li>\n\t<li  id=\"menu-item-1100\" class=\"menu-item menu-item-type-post_type menu-item-object-page nav-item nav-item-1100\"><a href=\"https:\/\/investors.vivagroup.se\/sv\/valberedning\/\" class=\"dropdown-item \">Valberedning<\/a><\/li>\n\t<li  id=\"menu-item-2266\" class=\"menu-item menu-item-type-post_type menu-item-object-page nav-item nav-item-2266\"><a href=\"https:\/\/investors.vivagroup.se\/sv\/styrelse\/\" class=\"dropdown-item \">Styrelse<\/a><\/li>\n\t<li  id=\"menu-item-1096\" class=\"menu-item menu-item-type-post_type menu-item-object-page nav-item nav-item-1096\"><a href=\"https:\/\/investors.vivagroup.se\/sv\/kommitteer\/\" class=\"dropdown-item \">Kommitt\u00e9er<\/a><\/li>\n\t<li  id=\"menu-item-1143\" class=\"menu-item menu-item-type-post_type menu-item-object-page nav-item nav-item-1143\"><a href=\"https:\/\/investors.vivagroup.se\/sv\/ledning\/\" class=\"dropdown-item \">Ledning<\/a><\/li>\n<\/ul>\n<\/li>\n<li  id=\"menu-item-1118\" class=\"menu-item menu-item-type-post_type menu-item-object-page nav-item nav-item-1118\"><a href=\"https:\/\/investors.vivagroup.se\/sv\/kalender\/\" class=\"nav-link \">Finansiell kalender<\/a><\/li>\n<li  id=\"menu-item-1635\" class=\"menu-item menu-item-type-post_type menu-item-object-page nav-item nav-item-1635\"><a href=\"https:\/\/investors.vivagroup.se\/sv\/aktien\/\" class=\"nav-link \">Aktien<\/a><\/li>\n<\/ul>            <\/div>\n        <\/nav>\n    \n\n            <hr class=\"m-0\">\n        <section class=\"section breadcrumb mt-3 my-2\" id=\"block_204827976b91f6b6122b2f8ce320b848\">\n            <ul class=\"breadcrumb\">\n                <li><a href=\"\/sv\/\" title=\"Home\">Hem<\/a><\/li>            <\/ul>\n        <\/section>\n    \n\n    <section class=\"section text\" id=\"block_cd501736bf81bc7f74bc0c09ccae316a\">\n        <article class=\"text__content editor-content\">\n              \n                <h1>Bolagsordning<\/h1>\n                        <p>[Bolagets bolagsordning antogs p\u00e5 bolagsst\u00e4mma den 23 maj 2025]<\/p>\n<p><strong>BOLAGSORDNING F\u00d6R VIVA WINE GROUP AB<\/strong><br \/>\n<strong>ARTICLES OF ASSOCIATION OF VIVA WINE GROUP AB<\/strong><\/p>\n<p><strong>Org.nr 559178-4953<\/strong><br \/>\n<strong>Reg. no. 559178-4953<\/strong><\/p>\n<p><strong>1 \u00a7 F\u00f6retagsnamn \/ Company name<\/strong><br \/>\nBolagets f\u00f6retagsnamn \u00e4r Viva Wine Group AB. Bolaget \u00e4r publikt (publ).<br \/>\n<em>The name of the company is Viva Wine Group AB. The company is a public company (publ).<\/em><\/p>\n<p><strong>2 \u00a7 Styrelsens s\u00e4te \/ Registered office of the company<\/strong><br \/>\nStyrelsen har sitt s\u00e4te i Stockholm.<br \/>\n<em>The board of directors shall have its registered office in the municipality of Stockholm.<\/em><\/p>\n<p><strong>3 \u00a7 Verksamhet \/ Objects of the company<\/strong><br \/>\nBolagets verksamhet ska omfatta f\u00f6rvaltning av andelar i r\u00f6relsedrivande bolag, handel med vin samt d\u00e4rmed f\u00f6renlig verksamhet.<br \/>\n<em>The company&#8217;s activities shall include the management of shares in operating companies, trade in wine and activities compatible therewith.<\/em><\/p>\n<p><strong>4 \u00a7 Aktiekapital \/ Share capital<\/strong><br \/>\nAktiekapitalet ska vara l\u00e4gst 740 000 och h\u00f6gst 2 960 000 kronor.<br \/>\n<em>The share capital shall not be less than SEK 740,000 and not more than SEK 2,960,000.<\/em><\/p>\n<p><strong>5 \u00a7 Antal aktier \/ Number of shares<\/strong><br \/>\nAntalet aktier ska vara l\u00e4gst 88 790 000 stycken och h\u00f6gst 355 160 000 stycken.<br \/>\n<em>The number of shares shall be not less than 88,790,000 and not more than 355,160,000.<\/em><\/p>\n<p><strong>6 \u00a7 Styrelse \/ Board of directors<\/strong><br \/>\nStyrelsen ska best\u00e5 av l\u00e4gst 3 och h\u00f6gst 10 ledam\u00f6ter med h\u00f6gst 10 suppleanter.<br \/>\n<em>The board of directors shall comprise of a minimum of 3 and a maximum of 10 directors and not more than 10 deputy directors.<\/em><\/p>\n<p><strong>7 \u00a7 Revisorer \/ Auditors<\/strong><br \/>\nF\u00f6r granskning av bolagets \u00e5rsredovisning samt styrelsens och verkst\u00e4llande direkt\u00f6rens f\u00f6rvaltning ska \u00e5rsst\u00e4mman v\u00e4lja en revisor eller ett revisionsbolag.<br \/>\n<em>For the review of the company&#8217;s annual report as well as the management pursued by the board of directors and the managing director, the annual general meeting shall elect one auditor or audit firm.<\/em><\/p>\n<p><strong>8 \u00a7 Kallelse \/ Notice<\/strong><br \/>\nKallelse till bolagsst\u00e4mma ska ske genom annonsering i Post- och Inrikes Tidningar och genom att kallelsen h\u00e5lls tillg\u00e4nglig p\u00e5 bolagets webbplats. Samtidigt som kallelse sker ska bolaget genom annonsering i den rikst\u00e4ckande dagstidningen Dagens Industri upplysa om att kallelse har skett.<br \/>\n<em>Notice of general meetings shall be made by announcement in the Official Swedish Gazette and by posting the notice on the company&#8217;s website. At the time of the notice, an announcement with information that the notice has been issued shall be published in the daily national paper Dagens Industri.<\/em><\/p>\n<p><strong>9 \u00a7 Fullmaktsinsamling och postr\u00f6stning \/ Collection of proxies and postal voting<\/strong><br \/>\nStyrelsen f\u00e5r samla in fullmakter p\u00e5 bolagets bekostnad enligt det f\u00f6rfarande som anges i 7 kap. 4 \u00a7 andra stycket aktiebolagslagen (2005:551).<br \/>\n<em>The board of directors may collect proxies at the company\u00b4s expense in compliance with the procedure set out in chapter 7 section 4 paragraph 2 of the Swedish Companies Act (2005:551).<\/em><\/p>\n<p>Styrelsen f\u00e5r inf\u00f6r en bolagsst\u00e4mma besluta att aktie\u00e4garna ska kunna ut\u00f6va sin r\u00f6str\u00e4tt per post f\u00f6re bolagsst\u00e4mman.<br \/>\n<em>The board of directors may resolve, ahead of a general meeting of the shareholders, that the shareholders shall be entitled to exercise their voting rights by post prior to the meeting.<\/em><\/p>\n<p><strong>10 \u00a7 Ort f\u00f6r bolagsst\u00e4mma och digital bolagsst\u00e4mma \/ Place for general meeting and digital general meeting<\/strong><br \/>\nBolagsst\u00e4mma ska h\u00e5llas p\u00e5 den ort d\u00e4r styrelsen har sitt s\u00e4te. Styrelsen f\u00e5r \u00e4ven besluta om att st\u00e4mman ska h\u00e5llas digitalt i enlighet med vad som f\u00f6reskrivs i 7 kap. 15 \u00a7 aktiebolagslagen (2005:551).<br \/>\n<em>The general meeting shall be held at the place where the board of directors has its registered office. The board of directors may also resolve that the general meeting shall be held digitally in accordance with the provisions of Chapter 7, Section 15 of the Swedish Companies Act (2005:551).<\/em><\/p>\n<p><strong>11 \u00a7 Deltagande vid bolagsst\u00e4mma \/ Participation in a general meeting<\/strong><br \/>\nF\u00f6r att f\u00e5 delta i bolagsst\u00e4mman ska aktie\u00e4gare dels vara upptagen i en utskrift eller annan framst\u00e4llning av aktieboken den dag som anges i aktiebolagslagen, dels anm\u00e4la sig samt antalet bitr\u00e4den (h\u00f6gst tv\u00e5) till bolaget den dag som anges i kallelsen till st\u00e4mman. Denna dag f\u00e5r inte vara s\u00f6ndag, helgdag, l\u00f6rdag, midsommarafton, julafton eller ny\u00e5rsafton och inte infalla tidigare \u00e4n femte vardagen f\u00f6re st\u00e4mman.<br \/>\n<em>A shareholder that wishes to participate in a general meeting must be recorded in a printout or other transcript of the share register as of the day set out in the Swedish Companies Act, and notify the company of her\/his, and any advisors (no more than two), intention to attend the meeting no later than on the date stated in the notice of the meeting. Such a date may not be a Sunday, other public holiday, Saturday, Midsummer Eve, Christmas Eve or New Year&#8217;s Eve and may not occur earlier than the fifth weekday prior to the general meeting.<\/em><\/p>\n<p><strong>12 \u00a7 \u00c5rsst\u00e4mma \/ Annual general meeting<\/strong><br \/>\n\u00c5rsst\u00e4mma h\u00e5lls \u00e5rligen inom sex m\u00e5nader efter r\u00e4kenskaps\u00e5rets utg\u00e5ng.<br \/>\n<em>The annual general meeting is held each year within six months of the end of the financial year.<\/em><\/p>\n<p>P\u00e5 \u00e5rsst\u00e4mma ska f\u00f6ljande \u00e4renden f\u00f6rekomma.<br \/>\n<em>The following matters shall be addressed at the annual general meeting.<\/em><\/p>\n<p>1. Val av ordf\u00f6rande vid st\u00e4mman,<br \/>\n<em>Election of a chairman of the meeting;<\/em><\/p>\n<p>2. Uppr\u00e4ttande och godk\u00e4nnande av r\u00f6stl\u00e4ngd,<br \/>\n<em>Preparation and approval of the voting register;<\/em><\/p>\n<p>3. Godk\u00e4nnande av dagordning,<br \/>\n<em>Approval of the agenda;<\/em><\/p>\n<p>4. Val av en eller tv\u00e5 justeringspersoner,<br \/>\n<em>Election of one or two persons to attest the minutes;<\/em><\/p>\n<p>5. Pr\u00f6vning av om st\u00e4mman blivit beh\u00f6rigen sammankallad,<br \/>\n<em>Determination of whether the meeting was duly convened;<\/em><\/p>\n<p>6. F\u00f6redragning av framlagd \u00e5rsredovisning och revisionsber\u00e4ttelse samt, i f\u00f6rkommande fall, koncernredovisning och koncernrevisionsber\u00e4ttelse,<br \/>\n<em>Presentation of the annual report and the auditor&#8217;s report and, where applicable, the consolidated financial statements for the group;<\/em><\/p>\n<p>7. Beslut om:<br \/>\n<em>Resolutions regarding:<\/em><\/p>\n<p>a) fastst\u00e4llande av resultatr\u00e4kningen och balansr\u00e4kningen, samt, i f\u00f6rekommande fall, koncernresultatr\u00e4kningen och koncernbalansr\u00e4kningen,<br \/>\nadoption of the income statement and balance sheet and, where applicable, the consolidated income statement and consolidated balance sheet;<\/p>\n<p>b) dispositioner betr\u00e4ffande vinst eller f\u00f6rlust enligt den fastst\u00e4llda balansr\u00e4kningen,<br \/>\n<em>allocation of the company\u00b4s profit or loss according to the adopted balance sheet;<\/em><\/p>\n<p>c) ansvarsfrihet \u00e5t styrelseledam\u00f6ter och verkst\u00e4llande direkt\u00f6r,<br \/>\n<em>discharge from liability for board members and the managing director;<\/em><\/p>\n<p>8. Fastst\u00e4llande av styrelse- och revisorsarvoden,<br \/>\n<em>Determination of fees for the board of directors and the auditors;<\/em><\/p>\n<p>9. Val av styrelse, revisionsbolag eller revisor, och i f\u00f6rekommande fall, suppleanter,<br \/>\n<em>Election of the board of directors, audit firm or auditor and, where applicable, deputy directors;<\/em><\/p>\n<p>10. Annat \u00e4rende, som ankommer p\u00e5 st\u00e4mman enligt aktiebolagslagen eller bolagsordningen.<br \/>\n<em>Any other business incumbent on the meeting according to the Companies Act or the articles of association.<\/em><\/p>\n<p><strong>13 \u00a7 R\u00e4kenskaps\u00e5r \/ Financial year<\/strong><br \/>\nBolagets r\u00e4kenskaps\u00e5r ska vara 1 januari &#8211; 31 december.<br \/>\n<em>The company&#8217;s financial year shall be 1 January &#8211; 31 December.<\/em><\/p>\n<p><strong>14 \u00a7 Avst\u00e4mningsf\u00f6rbeh\u00e5ll\/Central securities depository registration<\/strong><br \/>\nDen aktie\u00e4gare eller f\u00f6rvaltare som p\u00e5 avst\u00e4mningsdagen \u00e4r inf\u00f6rd i aktieboken och antecknad i ett avst\u00e4mningsregister, enligt 4 kap. lagen (1998:1479) om v\u00e4rdepapperscentraler och kontof\u00f6ring av finansiella instrument eller den som \u00e4r antecknad p\u00e5 avst\u00e4mningskonto enligt 4 kap. 18 \u00a7 f\u00f6rsta stycket 6-8 n\u00e4mnda lag, ska antas vara beh\u00f6rig att ut\u00f6va de r\u00e4ttigheter som framg\u00e5r av 4 kap. 39 \u00a7 aktiebolagslagen (2005:551).<br \/>\n<em>A shareholder or nominee that is registered in the share register and a CSD register on the record date, in accordance with Ch. 4 the Central Securities Depositories and Financial Instruments Accounts Act (SFS 1998:1479), or registered in a CSD account pursuant to Ch. 4 Sec. 18 first \u00a7 item 6-8 of the aforementioned act, is deemed to have the right to exercise the rights stipulated in Ch. 4 Sec. 39 the Swedish Companies Act (SFS 2005:551).<\/em><\/p>\n<p>&nbsp;<\/p>\n<p>&nbsp;<\/p>\n<p>&nbsp;<\/p>\n        <\/article>\n    <\/section>\n\n\n<section class=\"section ircontacts\" id=\"block_dcc08acb7f5c3fef28aa52067c3249aa\" >\n    <article class=\"ircontacts__content editor-content\">\n        <div class=\"row\">\n            <div class=\"col\">\n                                    <h2 class=\"h1\">IR Kontakter<\/h2>\n                \n                            <\/div>\n        <\/div>\n        <div class=\"row g-3 mt-0\">\n                        <div class=\"col-md-6\">\n                <div class=\"bg-light h-100\">\n                    <div class=\"p-3 h-100\">\n                        <div class=\"row h-100\">\n                                                            <div class=\"col-lg-5 col-xl-4 ircontacts__img\">\n                                   <img loading=\"lazy\" decoding=\"async\" width=\"399\" height=\"400\" src=\"https:\/\/investors.vivagroup.se\/wp-content\/uploads\/2021\/11\/Linn-Gafvert_neutral-bakgrund-kvadratisk.jpg\" class=\"img-fluid\" alt=\"\" srcset=\"https:\/\/investors.vivagroup.se\/wp-content\/uploads\/2021\/11\/Linn-Gafvert_neutral-bakgrund-kvadratisk.jpg 399w, https:\/\/investors.vivagroup.se\/wp-content\/uploads\/2021\/11\/Linn-Gafvert_neutral-bakgrund-kvadratisk-300x300.jpg 300w, https:\/\/investors.vivagroup.se\/wp-content\/uploads\/2021\/11\/Linn-Gafvert_neutral-bakgrund-kvadratisk-150x150.jpg 150w, https:\/\/investors.vivagroup.se\/wp-content\/uploads\/2021\/11\/Linn-Gafvert_neutral-bakgrund-kvadratisk-250x250.jpg 250w\" sizes=\"auto, (max-width: 399px) 100vw, 399px\" \/>                                <\/div>\n                                                        <div class=\"col-lg-7 col-xl-8 mt-3 ircontacts__text\">\n                                <h4>Linn G\u00e4fvert<\/h4>\n                                <p>CFO Viva Wine Group<\/p>\n                                <a href=\"mailto:linn.gafvert@vivagroup.se\">linn.gafvert@vivagroup.se<\/a>\n                            <\/div>\n                        <\/div>\n                    <\/div>\n                <\/div>\n            <\/div>\n                        <div class=\"col-md-6\">\n                <div class=\"bg-light h-100\">\n                    <div class=\"p-3 h-100\">\n                        <div class=\"row h-100\">\n                                                            <div class=\"col-lg-5 col-xl-4 ircontacts__img\">\n                                   <img loading=\"lazy\" decoding=\"async\" width=\"400\" height=\"400\" src=\"https:\/\/investors.vivagroup.se\/wp-content\/uploads\/2021\/11\/Emil-Sallnas_neutral-bakgrund-kvadratisk.jpg\" class=\"img-fluid\" alt=\"\" srcset=\"https:\/\/investors.vivagroup.se\/wp-content\/uploads\/2021\/11\/Emil-Sallnas_neutral-bakgrund-kvadratisk.jpg 400w, https:\/\/investors.vivagroup.se\/wp-content\/uploads\/2021\/11\/Emil-Sallnas_neutral-bakgrund-kvadratisk-300x300.jpg 300w, https:\/\/investors.vivagroup.se\/wp-content\/uploads\/2021\/11\/Emil-Sallnas_neutral-bakgrund-kvadratisk-150x150.jpg 150w, https:\/\/investors.vivagroup.se\/wp-content\/uploads\/2021\/11\/Emil-Sallnas_neutral-bakgrund-kvadratisk-250x250.jpg 250w\" sizes=\"auto, (max-width: 400px) 100vw, 400px\" \/>                                <\/div>\n                                                        <div class=\"col-lg-7 col-xl-8 mt-3 ircontacts__text\">\n                                <h4>Emil Salln\u00e4s<\/h4>\n                                <p>CEO Viva Wine Group<\/p>\n                                <a href=\"mailto:emil.sallnas@vivagroup.se\">emil.sallnas@vivagroup.se<\/a>\n                            <\/div>\n                        <\/div>\n                    <\/div>\n                <\/div>\n            <\/div>\n                    <\/div>\n    <\/article>\n<\/section>","protected":false},"excerpt":{"rendered":"","protected":false},"author":1,"featured_media":0,"parent":0,"menu_order":0,"comment_status":"closed","ping_status":"closed","template":"","meta":{"_acf_changed":false,"_seopress_robots_primary_cat":"","_seopress_titles_title":"","_seopress_titles_desc":"","_seopress_robots_index":"","footnotes":""},"class_list":["post-942","page","type-page","status-publish","hentry"],"acf":[],"_links":{"self":[{"href":"https:\/\/investors.vivagroup.se\/sv\/wp-json\/wp\/v2\/pages\/942","targetHints":{"allow":["GET"]}}],"collection":[{"href":"https:\/\/investors.vivagroup.se\/sv\/wp-json\/wp\/v2\/pages"}],"about":[{"href":"https:\/\/investors.vivagroup.se\/sv\/wp-json\/wp\/v2\/types\/page"}],"author":[{"embeddable":true,"href":"https:\/\/investors.vivagroup.se\/sv\/wp-json\/wp\/v2\/users\/1"}],"replies":[{"embeddable":true,"href":"https:\/\/investors.vivagroup.se\/sv\/wp-json\/wp\/v2\/comments?post=942"}],"version-history":[{"count":14,"href":"https:\/\/investors.vivagroup.se\/sv\/wp-json\/wp\/v2\/pages\/942\/revisions"}],"predecessor-version":[{"id":3573,"href":"https:\/\/investors.vivagroup.se\/sv\/wp-json\/wp\/v2\/pages\/942\/revisions\/3573"}],"wp:attachment":[{"href":"https:\/\/investors.vivagroup.se\/sv\/wp-json\/wp\/v2\/media?parent=942"}],"curies":[{"name":"wp","href":"https:\/\/api.w.org\/{rel}","templated":true}]}}