{"id":946,"date":"2021-11-25T10:59:10","date_gmt":"2021-11-25T09:59:10","guid":{"rendered":"https:\/\/investors.vivagroup.se\/viva-wine-group\/"},"modified":"2025-09-23T13:47:41","modified_gmt":"2025-09-23T11:47:41","slug":"viva-wine-group","status":"publish","type":"page","link":"https:\/\/investors.vivagroup.se\/sv\/","title":{"rendered":"Viva Wine Group"},"content":{"rendered":"\n            <section class=\"section header\" id=\"block_c2ac69e08dbc17f5bb7a1d299ecfd5d1\" style=\"background: linear-gradient(0deg, rgba(0, 0, 0, 0.3), rgba(0, 0, 0, 0.3)), url('https:\/\/investors.vivagroup.se\/wp-content\/uploads\/2021\/11\/Vingard-Italien-i-solnedgang-iStock-477786438-M-1.jpg'), #EFEFEF\">\n            <article class=\"hero__content editor-content\">\n                <span class=\"badge\"><\/span>\n                            <\/article>\n        <\/section>\n                <nav class=\"navbar navbar-expand-lg navbar-light\" id=\"ir-navbar\">\n            <div class=\"nav-toggle collapsed\" data-bs-toggle=\"collapse\" data-bs-target=\"#ir-menu\" aria-controls=\"ir-menu\" aria-expanded=\"false\" aria-label=\"Toggle navigation\">\n                <a class=\"m-0 text-secondary\">Investors<\/a>\n            <\/div>\n\n            <div class=\"collapse navbar-collapse\" id=\"ir-menu\">\n                <ul id=\"menu-ir-swedish\" class=\"navbar-nav justify-content-center mb-2 mb-md-0 p-0 navbar-nav container-fluid\"><li  id=\"menu-item-3544\" class=\"menu-item menu-item-type-custom menu-item-object-custom menu-item-has-children dropdown nav-item nav-item-3544\"><a href=\"#\" class=\"nav-link  dropdown-toggle\" data-bs-toggle=\"dropdown\" aria-haspopup=\"true\" aria-expanded=\"false\">Erbjudandehandlingar<\/a>\n<ul class=\"dropdown-menu  depth_0\">\n\t<li  id=\"menu-item-3723\" class=\"menu-item menu-item-type-post_type menu-item-object-page nav-item nav-item-3723\"><a href=\"https:\/\/investors.vivagroup.se\/sv\/notering-nasdaq-stockholm-2025\/\" class=\"dropdown-item \">Notering Nasdaq Stockholm 2025<\/a><\/li>\n\t<li  id=\"menu-item-3543\" class=\"menu-item menu-item-type-post_type menu-item-object-page nav-item nav-item-3543\"><a href=\"https:\/\/investors.vivagroup.se\/sv\/nyemission-2025\/\" class=\"dropdown-item \">Nyemission 2025<\/a><\/li>\n\t<li  id=\"menu-item-1091\" class=\"menu-item menu-item-type-post_type menu-item-object-page nav-item nav-item-1091\"><a href=\"https:\/\/investors.vivagroup.se\/sv\/ipo\/\" class=\"dropdown-item \">IPO<\/a><\/li>\n<\/ul>\n<\/li>\n<li  id=\"menu-item-1093\" class=\"menu-item menu-item-type-post_type menu-item-object-page nav-item nav-item-1093\"><a href=\"https:\/\/investors.vivagroup.se\/sv\/rapporter-presentationer\/\" class=\"nav-link \">Rapporter &#038; presentationer<\/a><\/li>\n<li  id=\"menu-item-1092\" class=\"menu-item menu-item-type-post_type menu-item-object-page nav-item nav-item-1092\"><a href=\"https:\/\/investors.vivagroup.se\/sv\/pressmeddelanden\/\" class=\"nav-link \">Pressmeddelanden<\/a><\/li>\n<li  id=\"menu-item-1094\" class=\"menu-item menu-item-type-post_type menu-item-object-page menu-item-has-children dropdown nav-item nav-item-1094\"><a href=\"https:\/\/investors.vivagroup.se\/sv\/corporate-governance\/\" class=\"nav-link  dropdown-toggle\" data-bs-toggle=\"dropdown\" aria-haspopup=\"true\" aria-expanded=\"false\">Bolagsstyrning<\/a>\n<ul class=\"dropdown-menu  depth_0\">\n\t<li  id=\"menu-item-1449\" class=\"menu-item menu-item-type-post_type menu-item-object-page nav-item nav-item-1449\"><a href=\"https:\/\/investors.vivagroup.se\/sv\/corporate-governance\/\" class=\"dropdown-item \">Bolagsstyrning<\/a><\/li>\n\t<li  id=\"menu-item-1113\" class=\"menu-item menu-item-type-post_type menu-item-object-page nav-item nav-item-1113\"><a href=\"https:\/\/investors.vivagroup.se\/sv\/bolagsordning\/\" class=\"dropdown-item \">Bolagsordning<\/a><\/li>\n\t<li  id=\"menu-item-1099\" class=\"menu-item menu-item-type-post_type menu-item-object-page nav-item nav-item-1099\"><a href=\"https:\/\/investors.vivagroup.se\/sv\/bolagsstamma\/\" class=\"dropdown-item \">Bolagsst\u00e4mma<\/a><\/li>\n\t<li  id=\"menu-item-1111\" class=\"menu-item menu-item-type-post_type menu-item-object-page nav-item nav-item-1111\"><a href=\"https:\/\/investors.vivagroup.se\/sv\/revisorer\/\" class=\"dropdown-item \">Revisorer<\/a><\/li>\n\t<li  id=\"menu-item-1100\" class=\"menu-item menu-item-type-post_type menu-item-object-page nav-item nav-item-1100\"><a href=\"https:\/\/investors.vivagroup.se\/sv\/valberedning\/\" class=\"dropdown-item \">Valberedning<\/a><\/li>\n\t<li  id=\"menu-item-2266\" class=\"menu-item menu-item-type-post_type menu-item-object-page nav-item nav-item-2266\"><a href=\"https:\/\/investors.vivagroup.se\/sv\/styrelse\/\" class=\"dropdown-item \">Styrelse<\/a><\/li>\n\t<li  id=\"menu-item-1096\" class=\"menu-item menu-item-type-post_type menu-item-object-page nav-item nav-item-1096\"><a href=\"https:\/\/investors.vivagroup.se\/sv\/kommitteer\/\" class=\"dropdown-item \">Kommitt\u00e9er<\/a><\/li>\n\t<li  id=\"menu-item-1143\" class=\"menu-item menu-item-type-post_type menu-item-object-page nav-item nav-item-1143\"><a href=\"https:\/\/investors.vivagroup.se\/sv\/ledning\/\" class=\"dropdown-item \">Ledning<\/a><\/li>\n<\/ul>\n<\/li>\n<li  id=\"menu-item-1118\" class=\"menu-item menu-item-type-post_type menu-item-object-page nav-item nav-item-1118\"><a href=\"https:\/\/investors.vivagroup.se\/sv\/kalender\/\" class=\"nav-link \">Finansiell kalender<\/a><\/li>\n<li  id=\"menu-item-1635\" class=\"menu-item menu-item-type-post_type menu-item-object-page nav-item nav-item-1635\"><a href=\"https:\/\/investors.vivagroup.se\/sv\/aktien\/\" class=\"nav-link \">Aktien<\/a><\/li>\n<\/ul>            <\/div>\n        <\/nav>\n    \n\n\n    <section class=\"section coloredblock\" id=\"block_bfc356bd1cf98dc67654dc81d06bb13e\">\n        <article class=\"coloreblock__content\">\n            <div class=\"row\">\n                <div class=\"col-lg-9 left-col\">\n                    <div class=\"editor-content\">\n\t\t                <h2 class=\"h1\">Om Viva Wine Group<\/h2>\n<p>Viva Wine Group \u00e4r en ledande europeisk vinkoncern som erbjuder ett brett sortiment av kvalitetsvin till monopolmarknader, detaljhandel, restaurang och konsument. Genom ett stort antal operativa bolag med stark entrepren\u00f6rsanda utvecklar, marknadsf\u00f6r och s\u00e4ljer gruppen vin under b\u00e5de egna och partners varum\u00e4rken. Viva Wine Group v\u00e4rnar om en decentraliserad aff\u00e4rsmodell med utrymme f\u00f6r innovation samtidigt som den skapar en gemensam plattform f\u00f6r synergier och stordriftsf\u00f6rdelar f\u00f6r v\u00e4rdeskapande. Vi fokuserar p\u00e5 att generera l\u00f6nsam tillv\u00e4xt genom st\u00e4ndig utveckling av kunderbjudandet kompletterat med strategiska f\u00f6rv\u00e4rv och har en stark historik.<\/p>\n                    <\/div>\n                <\/div>\n\n                                    <div class=\"col col-lg-3 right-col d-lg-block\">\n                        <div class=\"stock-ticker bg-purple-oval\">\n                            <div id=\"widget-block_stock-table\"><\/div>                            \n                            <script>\n                                (function(widgets) {\n                                    var url = \"https:\/\/widget.datablocks.se\/api\/rose\";\n                                    if (!window._MF) {\n                                        var b = document.createElement(\"script\");\n                                        b.type = \"text\/javascript\";\n                                        b.async = true;\n                                        b.src = url + \"\/assets\/js\/loader-v4.js\";\n                                        document.getElementsByTagName(\"body\")[0].appendChild(b);\n                                        }\n                                        window._MF = window._MF || {\n                                        data: [],\n                                        url: url,\n                                        ready: !!0,\n                                        render: function() { window._MF.ready = !0 },\n                                        push: function(w) { window._MF.data.push(w) }\n                                        };\t\n                                        window._MF.push(widgets);\n                                })([{\n                                    query:\"#widget-block_stock-table\"\n                                    ,widget: \"stock-table\"\n                                    ,locale: \"sv\"\n                                    ,token: \"77dd0aa2-e220-4d03-8257-7465425b27f9\"\n                                }],\n                                );\n                            <\/script>\n                                                    <\/div>\n                    <\/div>\n                            <\/div>\n        <\/article>\n    <\/section>\n\n\n \r\n<section class=\"section pressreleases-small bg-light\" id=\"block_be537d4168bfecc451ac6bdf27c7d485\" >\r\n    <article class=\"pressreleases-small__content\">\r\n        <div class=\"row\">\r\n            <div class=\"col-md-6 order-1 order-md-0\">\r\n                <div class=\"editor-content\">\r\n\t\t                                    <h2>Pressmeddelanden<\/h2>\r\n\t\t            \t\t                                    <div class=\"teaser\">\r\n\t\t\t\t                                    <\/div>\r\n\t\t                                <div class=\"row g-3 mb-5\">\r\n\t\t\t                                        <div class=\"col-12\">\r\n                                <span class=\"meta\">2026-02-19 \/ Regulatoriska<\/span>\r\n                                <h3 class=\"h3 pressreleases-small__heading\">\r\n                                    <a class=\"h3\" href=\"https:\/\/investors.vivagroup.se\/sv\/pressrelease\/q4-2025-kraftig-tillvaxt-och-stark-marginal\/\">Q4 2025: Kraftig tillv\u00e4xt och stark marginal<\/a>\r\n                                <\/h3>\r\n                            <\/div>\r\n\t\t\t                                        <div class=\"col-12\">\r\n                                <span class=\"meta\">2026-02-12 \/ Icke regulatoriska<\/span>\r\n                                <h3 class=\"h3 pressreleases-small__heading\">\r\n                                    <a class=\"h3\" href=\"https:\/\/investors.vivagroup.se\/sv\/pressrelease\/presentation-av-viva-wine-groups-bokslutskommunike-2025\/\">Presentation av Viva Wine Groups bokslutskommunik\u00e9 2025<\/a>\r\n                                <\/h3>\r\n                            <\/div>\r\n\t\t\t                                <\/div>\r\n                                            <a href=\"\/sv\/pressmeddelanden\" class=\"btn btn-primary \">G\u00e5 till alla pressmeddelanden<\/a>\r\n                                    <\/div>\r\n            <\/div>\r\n            <div class=\"col-md-6 order-0 order-md-1\">\r\n                <div class=\"img\"><\/div>\r\n            <\/div>\r\n        <\/div>\r\n\r\n\r\n    <\/article>\r\n<\/section>\r\n\r\n\n\n<section class=\"section ircontacts\" id=\"block_38948415dc8c85b9a59533bcf33efcc7\" >\n    <article class=\"ircontacts__content editor-content\">\n        <div class=\"row\">\n            <div class=\"col\">\n                                    <h2 class=\"h1\">IR Kontakter<\/h2>\n                \n                            <\/div>\n        <\/div>\n        <div class=\"row g-3 mt-0\">\n                        <div class=\"col-md-6\">\n                <div class=\"bg-light h-100\">\n                    <div class=\"p-3 h-100\">\n                        <div class=\"row h-100\">\n                                                            <div class=\"col-lg-5 col-xl-4 ircontacts__img\">\n                                   <img loading=\"lazy\" decoding=\"async\" width=\"399\" height=\"400\" src=\"https:\/\/investors.vivagroup.se\/wp-content\/uploads\/2021\/11\/Linn-Gafvert_neutral-bakgrund-kvadratisk.jpg\" class=\"img-fluid\" alt=\"\" srcset=\"https:\/\/investors.vivagroup.se\/wp-content\/uploads\/2021\/11\/Linn-Gafvert_neutral-bakgrund-kvadratisk.jpg 399w, https:\/\/investors.vivagroup.se\/wp-content\/uploads\/2021\/11\/Linn-Gafvert_neutral-bakgrund-kvadratisk-300x300.jpg 300w, https:\/\/investors.vivagroup.se\/wp-content\/uploads\/2021\/11\/Linn-Gafvert_neutral-bakgrund-kvadratisk-150x150.jpg 150w, https:\/\/investors.vivagroup.se\/wp-content\/uploads\/2021\/11\/Linn-Gafvert_neutral-bakgrund-kvadratisk-250x250.jpg 250w\" sizes=\"auto, (max-width: 399px) 100vw, 399px\" \/>                                <\/div>\n                                                        <div class=\"col-lg-7 col-xl-8 mt-3 ircontacts__text\">\n                                <h4>Linn G\u00e4fvert<\/h4>\n                                <p>CFO Viva Wine Group<\/p>\n                                <a href=\"mailto:linn.gafvert@vivagroup.se\">linn.gafvert@vivagroup.se<\/a>\n                            <\/div>\n                        <\/div>\n                    <\/div>\n                <\/div>\n            <\/div>\n                        <div class=\"col-md-6\">\n                <div class=\"bg-light h-100\">\n                    <div class=\"p-3 h-100\">\n                        <div class=\"row h-100\">\n                                                            <div class=\"col-lg-5 col-xl-4 ircontacts__img\">\n                                   <img loading=\"lazy\" decoding=\"async\" width=\"400\" height=\"400\" src=\"https:\/\/investors.vivagroup.se\/wp-content\/uploads\/2021\/11\/Emil-Sallnas_neutral-bakgrund-kvadratisk.jpg\" class=\"img-fluid\" alt=\"\" srcset=\"https:\/\/investors.vivagroup.se\/wp-content\/uploads\/2021\/11\/Emil-Sallnas_neutral-bakgrund-kvadratisk.jpg 400w, https:\/\/investors.vivagroup.se\/wp-content\/uploads\/2021\/11\/Emil-Sallnas_neutral-bakgrund-kvadratisk-300x300.jpg 300w, https:\/\/investors.vivagroup.se\/wp-content\/uploads\/2021\/11\/Emil-Sallnas_neutral-bakgrund-kvadratisk-150x150.jpg 150w, https:\/\/investors.vivagroup.se\/wp-content\/uploads\/2021\/11\/Emil-Sallnas_neutral-bakgrund-kvadratisk-250x250.jpg 250w\" sizes=\"auto, (max-width: 400px) 100vw, 400px\" \/>                                <\/div>\n                                                        <div class=\"col-lg-7 col-xl-8 mt-3 ircontacts__text\">\n                                <h4>Emil Salln\u00e4s<\/h4>\n                                <p>CEO Viva Wine Group<\/p>\n                                <a href=\"mailto:emil.sallnas@vivagroup.se\">emil.sallnas@vivagroup.se<\/a>\n                            <\/div>\n                        <\/div>\n                    <\/div>\n                <\/div>\n            <\/div>\n                    <\/div>\n    <\/article>\n<\/section>\n\n","protected":false},"excerpt":{"rendered":"","protected":false},"author":1,"featured_media":0,"parent":0,"menu_order":0,"comment_status":"closed","ping_status":"closed","template":"","meta":{"_acf_changed":false,"_seopress_robots_primary_cat":"","_seopress_titles_title":"","_seopress_titles_desc":"","_seopress_robots_index":"","footnotes":""},"class_list":["post-946","page","type-page","status-publish","hentry"],"acf":[],"_links":{"self":[{"href":"https:\/\/investors.vivagroup.se\/sv\/wp-json\/wp\/v2\/pages\/946","targetHints":{"allow":["GET"]}}],"collection":[{"href":"https:\/\/investors.vivagroup.se\/sv\/wp-json\/wp\/v2\/pages"}],"about":[{"href":"https:\/\/investors.vivagroup.se\/sv\/wp-json\/wp\/v2\/types\/page"}],"author":[{"embeddable":true,"href":"https:\/\/investors.vivagroup.se\/sv\/wp-json\/wp\/v2\/users\/1"}],"replies":[{"embeddable":true,"href":"https:\/\/investors.vivagroup.se\/sv\/wp-json\/wp\/v2\/comments?post=946"}],"version-history":[{"count":33,"href":"https:\/\/investors.vivagroup.se\/sv\/wp-json\/wp\/v2\/pages\/946\/revisions"}],"predecessor-version":[{"id":3490,"href":"https:\/\/investors.vivagroup.se\/sv\/wp-json\/wp\/v2\/pages\/946\/revisions\/3490"}],"wp:attachment":[{"href":"https:\/\/investors.vivagroup.se\/sv\/wp-json\/wp\/v2\/media?parent=946"}],"curies":[{"name":"wp","href":"https:\/\/api.w.org\/{rel}","templated":true}]}}