{"id":952,"date":"2021-11-25T11:02:22","date_gmt":"2021-11-25T10:02:22","guid":{"rendered":"https:\/\/investors.vivagroup.se\/board-of-directors-work\/"},"modified":"2023-04-24T15:23:46","modified_gmt":"2023-04-24T13:23:46","slug":"board-of-directors-work","status":"publish","type":"page","link":"https:\/\/investors.vivagroup.se\/sv\/board-of-directors-work\/","title":{"rendered":"Styrelsens arbete"},"content":{"rendered":"\n            <section class=\"section header\" id=\"block_3e56ecfcd8496d4c037b323ed331e0fc\" style=\"background: linear-gradient(0deg, rgba(0, 0, 0, 0.3), rgba(0, 0, 0, 0.3)), url('https:\/\/investors.vivagroup.se\/wp-content\/uploads\/2021\/11\/Vingard-Italien-i-solnedgang-iStock-477786438-M-1.jpg'), #EFEFEF\">\n            <article class=\"hero__content editor-content\">\n                <span class=\"badge\"><\/span>\n                            <\/article>\n        <\/section>\n                <nav class=\"navbar navbar-expand-lg navbar-light\" id=\"ir-navbar\">\n            <div class=\"nav-toggle collapsed\" data-bs-toggle=\"collapse\" data-bs-target=\"#ir-menu\" aria-controls=\"ir-menu\" aria-expanded=\"false\" aria-label=\"Toggle navigation\">\n                <a class=\"m-0 text-secondary\">Investors<\/a>\n            <\/div>\n\n            <div class=\"collapse navbar-collapse\" id=\"ir-menu\">\n                <ul id=\"menu-ir-swedish\" class=\"navbar-nav justify-content-center mb-2 mb-md-0 p-0 navbar-nav container-fluid\"><li  id=\"menu-item-3544\" class=\"menu-item menu-item-type-custom menu-item-object-custom menu-item-has-children dropdown nav-item nav-item-3544\"><a href=\"#\" class=\"nav-link  dropdown-toggle\" data-bs-toggle=\"dropdown\" aria-haspopup=\"true\" aria-expanded=\"false\">Erbjudandehandlingar<\/a>\n<ul class=\"dropdown-menu  depth_0\">\n\t<li  id=\"menu-item-3723\" class=\"menu-item menu-item-type-post_type menu-item-object-page nav-item nav-item-3723\"><a href=\"https:\/\/investors.vivagroup.se\/sv\/notering-nasdaq-stockholm-2025\/\" class=\"dropdown-item \">Notering Nasdaq Stockholm 2025<\/a><\/li>\n\t<li  id=\"menu-item-3543\" class=\"menu-item menu-item-type-post_type menu-item-object-page nav-item nav-item-3543\"><a href=\"https:\/\/investors.vivagroup.se\/sv\/nyemission-2025\/\" class=\"dropdown-item \">Nyemission 2025<\/a><\/li>\n\t<li  id=\"menu-item-1091\" class=\"menu-item menu-item-type-post_type menu-item-object-page nav-item nav-item-1091\"><a href=\"https:\/\/investors.vivagroup.se\/sv\/ipo\/\" class=\"dropdown-item \">IPO<\/a><\/li>\n<\/ul>\n<\/li>\n<li  id=\"menu-item-1093\" class=\"menu-item menu-item-type-post_type menu-item-object-page nav-item nav-item-1093\"><a href=\"https:\/\/investors.vivagroup.se\/sv\/rapporter-presentationer\/\" class=\"nav-link \">Rapporter &#038; presentationer<\/a><\/li>\n<li  id=\"menu-item-1092\" class=\"menu-item menu-item-type-post_type menu-item-object-page nav-item nav-item-1092\"><a href=\"https:\/\/investors.vivagroup.se\/sv\/pressmeddelanden\/\" class=\"nav-link \">Pressmeddelanden<\/a><\/li>\n<li  id=\"menu-item-1094\" class=\"menu-item menu-item-type-post_type menu-item-object-page menu-item-has-children dropdown nav-item nav-item-1094\"><a href=\"https:\/\/investors.vivagroup.se\/sv\/corporate-governance\/\" class=\"nav-link  dropdown-toggle\" data-bs-toggle=\"dropdown\" aria-haspopup=\"true\" aria-expanded=\"false\">Bolagsstyrning<\/a>\n<ul class=\"dropdown-menu  depth_0\">\n\t<li  id=\"menu-item-1449\" class=\"menu-item menu-item-type-post_type menu-item-object-page nav-item nav-item-1449\"><a href=\"https:\/\/investors.vivagroup.se\/sv\/corporate-governance\/\" class=\"dropdown-item \">Bolagsstyrning<\/a><\/li>\n\t<li  id=\"menu-item-1113\" class=\"menu-item menu-item-type-post_type menu-item-object-page nav-item nav-item-1113\"><a href=\"https:\/\/investors.vivagroup.se\/sv\/bolagsordning\/\" class=\"dropdown-item \">Bolagsordning<\/a><\/li>\n\t<li  id=\"menu-item-1099\" class=\"menu-item menu-item-type-post_type menu-item-object-page nav-item nav-item-1099\"><a href=\"https:\/\/investors.vivagroup.se\/sv\/bolagsstamma\/\" class=\"dropdown-item \">Bolagsst\u00e4mma<\/a><\/li>\n\t<li  id=\"menu-item-1111\" class=\"menu-item menu-item-type-post_type menu-item-object-page nav-item nav-item-1111\"><a href=\"https:\/\/investors.vivagroup.se\/sv\/revisorer\/\" class=\"dropdown-item \">Revisorer<\/a><\/li>\n\t<li  id=\"menu-item-1100\" class=\"menu-item menu-item-type-post_type menu-item-object-page nav-item nav-item-1100\"><a href=\"https:\/\/investors.vivagroup.se\/sv\/valberedning\/\" class=\"dropdown-item \">Valberedning<\/a><\/li>\n\t<li  id=\"menu-item-2266\" class=\"menu-item menu-item-type-post_type menu-item-object-page nav-item nav-item-2266\"><a href=\"https:\/\/investors.vivagroup.se\/sv\/styrelse\/\" class=\"dropdown-item \">Styrelse<\/a><\/li>\n\t<li  id=\"menu-item-1096\" class=\"menu-item menu-item-type-post_type menu-item-object-page nav-item nav-item-1096\"><a href=\"https:\/\/investors.vivagroup.se\/sv\/kommitteer\/\" class=\"dropdown-item \">Kommitt\u00e9er<\/a><\/li>\n\t<li  id=\"menu-item-1143\" class=\"menu-item menu-item-type-post_type menu-item-object-page nav-item nav-item-1143\"><a href=\"https:\/\/investors.vivagroup.se\/sv\/ledning\/\" class=\"dropdown-item \">Ledning<\/a><\/li>\n<\/ul>\n<\/li>\n<li  id=\"menu-item-1118\" class=\"menu-item menu-item-type-post_type menu-item-object-page nav-item nav-item-1118\"><a href=\"https:\/\/investors.vivagroup.se\/sv\/kalender\/\" class=\"nav-link \">Finansiell kalender<\/a><\/li>\n<li  id=\"menu-item-1635\" class=\"menu-item menu-item-type-post_type menu-item-object-page nav-item nav-item-1635\"><a href=\"https:\/\/investors.vivagroup.se\/sv\/aktien\/\" class=\"nav-link \">Aktien<\/a><\/li>\n<\/ul>            <\/div>\n        <\/nav>\n    \n\n            <hr class=\"m-0\">\n        <section class=\"section breadcrumb mt-3 my-2\" id=\"block_2246fc039d2985a4fbf04a523a851a72\">\n            <ul class=\"breadcrumb\">\n                <li><a href=\"\/sv\/\" title=\"Home\">Hem<\/a><\/li>            <\/ul>\n        <\/section>\n    \n\n    <section class=\"section text\" id=\"block_18160acebde09371290bf31444244169\">\n        <article class=\"text__content editor-content\">\n              \n                <h1>Styrelsens arbete<\/h1>\n                        <p><strong>Styrelsens ansvar<\/strong><\/p>\n<p>Bolagets styrelse \u00e4r h\u00f6gsta beslutande organ efter bolagsst\u00e4mman. I enlighet med aktiebolagslagen \u00e4r styrelsen ansvarig f\u00f6r bolagets f\u00f6rvaltning och organisation. Styrelsen sammantr\u00e4der enligt ett \u00e5rligen fastst\u00e4llt schema.<\/p>\n<p>Styrelseledam\u00f6terna v\u00e4ljs varje \u00e5r p\u00e5 \u00e5rsst\u00e4mman f\u00f6r tiden intill slutet av n\u00e4sta \u00e5rsst\u00e4mma. Enligt bolagets bolagsordning ska styrelsen best\u00e5 av minst tre och h\u00f6gst tio ledam\u00f6ter, med h\u00f6gst tio suppleanter.<\/p>\n        <\/article>\n    <\/section>\n","protected":false},"excerpt":{"rendered":"","protected":false},"author":1,"featured_media":0,"parent":0,"menu_order":0,"comment_status":"closed","ping_status":"closed","template":"","meta":{"_acf_changed":false,"_seopress_robots_primary_cat":"","_seopress_titles_title":"","_seopress_titles_desc":"","_seopress_robots_index":"","footnotes":""},"class_list":["post-952","page","type-page","status-publish","hentry"],"acf":[],"_links":{"self":[{"href":"https:\/\/investors.vivagroup.se\/sv\/wp-json\/wp\/v2\/pages\/952","targetHints":{"allow":["GET"]}}],"collection":[{"href":"https:\/\/investors.vivagroup.se\/sv\/wp-json\/wp\/v2\/pages"}],"about":[{"href":"https:\/\/investors.vivagroup.se\/sv\/wp-json\/wp\/v2\/types\/page"}],"author":[{"embeddable":true,"href":"https:\/\/investors.vivagroup.se\/sv\/wp-json\/wp\/v2\/users\/1"}],"replies":[{"embeddable":true,"href":"https:\/\/investors.vivagroup.se\/sv\/wp-json\/wp\/v2\/comments?post=952"}],"version-history":[{"count":6,"href":"https:\/\/investors.vivagroup.se\/sv\/wp-json\/wp\/v2\/pages\/952\/revisions"}],"predecessor-version":[{"id":2197,"href":"https:\/\/investors.vivagroup.se\/sv\/wp-json\/wp\/v2\/pages\/952\/revisions\/2197"}],"wp:attachment":[{"href":"https:\/\/investors.vivagroup.se\/sv\/wp-json\/wp\/v2\/media?parent=952"}],"curies":[{"name":"wp","href":"https:\/\/api.w.org\/{rel}","templated":true}]}}