{"id":962,"date":"2021-11-25T11:04:56","date_gmt":"2021-11-25T10:04:56","guid":{"rendered":"https:\/\/investors.vivagroup.se\/general-meeting\/"},"modified":"2025-06-02T11:12:58","modified_gmt":"2025-06-02T09:12:58","slug":"bolagsstamma","status":"publish","type":"page","link":"https:\/\/investors.vivagroup.se\/sv\/bolagsstamma\/","title":{"rendered":"Bolagsst\u00e4mma"},"content":{"rendered":"\n            <section class=\"section header\" id=\"block_a22cd550e43324b7f0c4f1568c1414eb\" style=\"background: linear-gradient(0deg, rgba(0, 0, 0, 0.3), rgba(0, 0, 0, 0.3)), url('https:\/\/investors.vivagroup.se\/wp-content\/uploads\/2021\/11\/Vingard-Italien-i-solnedgang-iStock-477786438-M-1.jpg'), #EFEFEF\">\n            <article class=\"hero__content editor-content\">\n                <span class=\"badge\"><\/span>\n                            <\/article>\n        <\/section>\n                <nav class=\"navbar navbar-expand-lg navbar-light\" id=\"ir-navbar\">\n            <div class=\"nav-toggle collapsed\" data-bs-toggle=\"collapse\" data-bs-target=\"#ir-menu\" aria-controls=\"ir-menu\" aria-expanded=\"false\" aria-label=\"Toggle navigation\">\n                <a class=\"m-0 text-secondary\">Investors<\/a>\n            <\/div>\n\n            <div class=\"collapse navbar-collapse\" id=\"ir-menu\">\n                <ul id=\"menu-ir-swedish\" class=\"navbar-nav justify-content-center mb-2 mb-md-0 p-0 navbar-nav container-fluid\"><li  id=\"menu-item-3544\" class=\"menu-item menu-item-type-custom menu-item-object-custom menu-item-has-children dropdown nav-item nav-item-3544\"><a href=\"#\" class=\"nav-link  dropdown-toggle\" data-bs-toggle=\"dropdown\" aria-haspopup=\"true\" aria-expanded=\"false\">Erbjudandehandlingar<\/a>\n<ul class=\"dropdown-menu  depth_0\">\n\t<li  id=\"menu-item-3723\" class=\"menu-item menu-item-type-post_type menu-item-object-page nav-item nav-item-3723\"><a href=\"https:\/\/investors.vivagroup.se\/sv\/notering-nasdaq-stockholm-2025\/\" class=\"dropdown-item \">Notering Nasdaq Stockholm 2025<\/a><\/li>\n\t<li  id=\"menu-item-3543\" class=\"menu-item menu-item-type-post_type menu-item-object-page nav-item nav-item-3543\"><a href=\"https:\/\/investors.vivagroup.se\/sv\/nyemission-2025\/\" class=\"dropdown-item \">Nyemission 2025<\/a><\/li>\n\t<li  id=\"menu-item-1091\" class=\"menu-item menu-item-type-post_type menu-item-object-page nav-item nav-item-1091\"><a href=\"https:\/\/investors.vivagroup.se\/sv\/ipo\/\" class=\"dropdown-item \">IPO<\/a><\/li>\n<\/ul>\n<\/li>\n<li  id=\"menu-item-1093\" class=\"menu-item menu-item-type-post_type menu-item-object-page nav-item nav-item-1093\"><a href=\"https:\/\/investors.vivagroup.se\/sv\/rapporter-presentationer\/\" class=\"nav-link \">Rapporter &#038; presentationer<\/a><\/li>\n<li  id=\"menu-item-1092\" class=\"menu-item menu-item-type-post_type menu-item-object-page nav-item nav-item-1092\"><a href=\"https:\/\/investors.vivagroup.se\/sv\/pressmeddelanden\/\" class=\"nav-link \">Pressmeddelanden<\/a><\/li>\n<li  id=\"menu-item-1094\" class=\"menu-item menu-item-type-post_type menu-item-object-page menu-item-has-children dropdown nav-item nav-item-1094\"><a href=\"https:\/\/investors.vivagroup.se\/sv\/corporate-governance\/\" class=\"nav-link  dropdown-toggle\" data-bs-toggle=\"dropdown\" aria-haspopup=\"true\" aria-expanded=\"false\">Bolagsstyrning<\/a>\n<ul class=\"dropdown-menu  depth_0\">\n\t<li  id=\"menu-item-1449\" class=\"menu-item menu-item-type-post_type menu-item-object-page nav-item nav-item-1449\"><a href=\"https:\/\/investors.vivagroup.se\/sv\/corporate-governance\/\" class=\"dropdown-item \">Bolagsstyrning<\/a><\/li>\n\t<li  id=\"menu-item-1113\" class=\"menu-item menu-item-type-post_type menu-item-object-page nav-item nav-item-1113\"><a href=\"https:\/\/investors.vivagroup.se\/sv\/bolagsordning\/\" class=\"dropdown-item \">Bolagsordning<\/a><\/li>\n\t<li  id=\"menu-item-1099\" class=\"menu-item menu-item-type-post_type menu-item-object-page nav-item nav-item-1099\"><a href=\"https:\/\/investors.vivagroup.se\/sv\/bolagsstamma\/\" class=\"dropdown-item \">Bolagsst\u00e4mma<\/a><\/li>\n\t<li  id=\"menu-item-1111\" class=\"menu-item menu-item-type-post_type menu-item-object-page nav-item nav-item-1111\"><a href=\"https:\/\/investors.vivagroup.se\/sv\/revisorer\/\" class=\"dropdown-item \">Revisorer<\/a><\/li>\n\t<li  id=\"menu-item-1100\" class=\"menu-item menu-item-type-post_type menu-item-object-page nav-item nav-item-1100\"><a href=\"https:\/\/investors.vivagroup.se\/sv\/valberedning\/\" class=\"dropdown-item \">Valberedning<\/a><\/li>\n\t<li  id=\"menu-item-2266\" class=\"menu-item menu-item-type-post_type menu-item-object-page nav-item nav-item-2266\"><a href=\"https:\/\/investors.vivagroup.se\/sv\/styrelse\/\" class=\"dropdown-item \">Styrelse<\/a><\/li>\n\t<li  id=\"menu-item-1096\" class=\"menu-item menu-item-type-post_type menu-item-object-page nav-item nav-item-1096\"><a href=\"https:\/\/investors.vivagroup.se\/sv\/kommitteer\/\" class=\"dropdown-item \">Kommitt\u00e9er<\/a><\/li>\n\t<li  id=\"menu-item-1143\" class=\"menu-item menu-item-type-post_type menu-item-object-page nav-item nav-item-1143\"><a href=\"https:\/\/investors.vivagroup.se\/sv\/ledning\/\" class=\"dropdown-item \">Ledning<\/a><\/li>\n<\/ul>\n<\/li>\n<li  id=\"menu-item-1118\" class=\"menu-item menu-item-type-post_type menu-item-object-page nav-item nav-item-1118\"><a href=\"https:\/\/investors.vivagroup.se\/sv\/kalender\/\" class=\"nav-link \">Finansiell kalender<\/a><\/li>\n<li  id=\"menu-item-1635\" class=\"menu-item menu-item-type-post_type menu-item-object-page nav-item nav-item-1635\"><a href=\"https:\/\/investors.vivagroup.se\/sv\/aktien\/\" class=\"nav-link \">Aktien<\/a><\/li>\n<\/ul>            <\/div>\n        <\/nav>\n    \n\n            <hr class=\"m-0\">\n        <section class=\"section breadcrumb mt-3 my-2\" id=\"block_0fa3dfbc9dfc3e5915698715189c28d6\">\n            <ul class=\"breadcrumb\">\n                <li><a href=\"\/sv\/\" title=\"Home\">Hem<\/a><\/li>            <\/ul>\n        <\/section>\n    \n\n    <section class=\"section text\" id=\"block_dc64892f9608c0f75f4a38674266d558\">\n        <article class=\"text__content editor-content\">\n              \n                <h1>Bolagsst\u00e4mma<\/h1>\n                        <p><strong>H\u00f6gsta beslutande organ<\/strong><br \/>\nBolagsst\u00e4mman \u00e4r bolagets h\u00f6gsta beslutsfattande organ. P\u00e5 bolagsst\u00e4mman ut\u00f6var aktie\u00e4garna sin r\u00f6str\u00e4tt i nyckelfr\u00e5gor, till exempel fastst\u00e4llande av resultat- och balansr\u00e4kningar, disposition av Bolagets vinst, beviljande av ansvarsfrihet f\u00f6r styrelsens ledam\u00f6ter och VD, val av styrelseledam\u00f6ter och revisorer samt ers\u00e4ttning till styrelsen och revisorerna.<\/p>\n<p><strong>\u00c5rsst\u00e4mman m\u00e5ste h\u00e5llas inom sex m\u00e5nader efter utg\u00e5ngen av r\u00e4kenskaps\u00e5ret.<\/strong><br \/>\nUt\u00f6ver \u00e5rsst\u00e4mman kan bolaget sammankalla extra bolagsst\u00e4mma. I enlighet med bolagets bolagsordning ska kallelse till bolagsst\u00e4mma ska ske genom annonsering i Post- och Inrikes Tidningar och genom att kallelsen h\u00e5lls tillg\u00e4nglig p\u00e5 Viva Wine Groups webbplats. Samtidigt som kallelse sker ska bolaget genom annonsering i den rikst\u00e4ckande dagstidningen Dagens Industri upplysa om att kallelse har skett.<\/p>\n<p><strong>R\u00e4tt att delta p\u00e5 bolagsst\u00e4mma<\/strong><br \/>\nAlla aktie\u00e4gare som \u00e4r direktregistrerade i den av Euroclear f\u00f6rda aktieboken sex vardagar f\u00f6re bolagsst\u00e4mman och som har meddelat bolaget sin avsikt att delta i bolagsst\u00e4mman senast det datum som anges i kallelsen till bolagsst\u00e4mman har r\u00e4tt att n\u00e4rvara vid bolagsst\u00e4mman och r\u00f6sta f\u00f6r det antal aktier de innehar. Aktie\u00e4garna kan normalt anm\u00e4la sitt deltagande p\u00e5 bolagsst\u00e4mman p\u00e5 ett antal olika s\u00e4tt, vilka anges i kallelsen till st\u00e4mman.<\/p>\n<p><strong>Initiativ fr\u00e5n aktie\u00e4gare<\/strong><br \/>\nAktie\u00e4gare som \u00f6nskar f\u00e5 ett \u00e4rende behandlat p\u00e5 bolagsst\u00e4mman m\u00e5ste skicka en skriftlig beg\u00e4ran d\u00e4rom till styrelsen. Beg\u00e4ran ska normalt vara styrelsen tillhanda senast sju veckor f\u00f6re bolagsst\u00e4mman.<\/p>\n        <\/article>\n    <\/section>\n\n\n\n\t<section class=\"section documents bg-light\" id=\"block_db9d3a13784e2169801e9af04ffe98f5\">\n\t\t\t\t<article class=\"editor-content\">\n\t\t\t<h2>\u00c5rsst\u00e4mma 2025<\/h2>\n\t\t\t<div class=\"row mt-2 gy-3\">\n\t\t\t\t\t\t\t\t\t\t<div class=\"col-md-12\">\n\t\t\t\t\t\t\t<a href=\"https:\/\/investors.vivagroup.se\/wp-content\/uploads\/2025\/04\/Kallelse-Arsstamma-Viva-Wine-Group-AB-2025.pdf\" class=\"m-0 fw-bold\">Kallelse \u00c5rsst\u00e4mma 2025 (pdf) (pdf)<\/a>\n\t\t\t\t\t\t<\/div>\n\t\t\t\t\t\t\t\t\t\t\t<div class=\"col-md-12\">\n\t\t\t\t\t\t\t<a href=\"https:\/\/investors.vivagroup.se\/wp-content\/uploads\/2025\/04\/Fullmaktsformular-arsstamma-2025-pdf.pdf\" class=\"m-0 fw-bold\">Fullmaktsformul\u00e4r \u00e5rsst\u00e4mma 2025 (pdf) (pdf)<\/a>\n\t\t\t\t\t\t<\/div>\n\t\t\t\t\t\t\t\t\t\t\t<div class=\"col-md-12\">\n\t\t\t\t\t\t\t<a href=\"https:\/\/investors.vivagroup.se\/wp-content\/uploads\/2025\/04\/Valberedningens-yttrande-2025-pdf.pdf\" class=\"m-0 fw-bold\">Valberedningens yttrande 2025 (pdf) (pdf)<\/a>\n\t\t\t\t\t\t<\/div>\n\t\t\t\t\t\t\t\t\t\t\t<div class=\"col-md-12\">\n\t\t\t\t\t\t\t<a href=\"https:\/\/investors.vivagroup.se\/wp-content\/uploads\/2025\/04\/Forslag-till-beslut-om-bemyndigande-pdf.pdf\" class=\"m-0 fw-bold\">F\u00f6rslag till beslut om bemyndigande (pdf) (pdf)<\/a>\n\t\t\t\t\t\t<\/div>\n\t\t\t\t\t\t\t\t\t\t\t<div class=\"col-md-12\">\n\t\t\t\t\t\t\t<a href=\"https:\/\/investors.vivagroup.se\/wp-content\/uploads\/2025\/04\/Forslag-till-andring-av-bolagsordningen-pdf.pdf\" class=\"m-0 fw-bold\">F\u00f6rslag till \u00e4ndring av bolagsordningen (pdf) (pdf)<\/a>\n\t\t\t\t\t\t<\/div>\n\t\t\t\t\t\t\t\t\t\t\t<div class=\"col-md-12\">\n\t\t\t\t\t\t\t<a href=\"https:\/\/investors.vivagroup.se\/wp-content\/uploads\/2025\/04\/Forslag-till-ny-bolagsordning-pdf.pdf\" class=\"m-0 fw-bold\">F\u00f6rslag till ny bolagsordning (pdf) (pdf)<\/a>\n\t\t\t\t\t\t<\/div>\n\t\t\t\t\t\t\t\t\t\t\t<div class=\"col-md-12\">\n\t\t\t\t\t\t\t<a href=\"https:\/\/investors.vivagroup.se\/wp-content\/uploads\/2025\/04\/Forslag-till-beslut-om-inforande-av-incitamentsprogram-pdf.pdf\" class=\"m-0 fw-bold\">F\u00f6rslag till beslut om inf\u00f6rande av incitamentsprogram (pdf) (pdf)<\/a>\n\t\t\t\t\t\t<\/div>\n\t\t\t\t\t\t\t\t\t\t\t<div class=\"col-md-12\">\n\t\t\t\t\t\t\t<a href=\"https:\/\/investors.vivagroup.se\/wp-content\/uploads\/2025\/04\/Forslag-om-villkor-for-teckningsoptioner-pdf.pdf\" class=\"m-0 fw-bold\">F\u00f6rslag om villkor f\u00f6r teckningsoptioner (pdf) (pdf)<\/a>\n\t\t\t\t\t\t<\/div>\n\t\t\t\t\t\t\t\t\t\t\t<div class=\"col-md-12\">\n\t\t\t\t\t\t\t<a href=\"https:\/\/investors.vivagroup.se\/wp-content\/uploads\/2025\/06\/Kommunike-AGM-2025.pdf\" class=\"m-0 fw-bold\">Kommunik\u00e9 \u00e5rsst\u00e4mma 2025 (pdf)<\/a>\n\t\t\t\t\t\t<\/div>\n\t\t\t\t\t\t\t\t\t\t\t<div class=\"col-md-12\">\n\t\t\t\t\t\t\t<a href=\"https:\/\/investors.vivagroup.se\/wp-content\/uploads\/2025\/06\/Protokoll-arsstamma-2025.pdf\" class=\"m-0 fw-bold\">Protokoll \u00e5rsst\u00e4mma 2025 (pdf)<\/a>\n\t\t\t\t\t\t<\/div>\n\t\t\t\t\t\t\t\t\t\t\t<div class=\"col-md-12\">\n\t\t\t\t\t\t\t<a href=\"https:\/\/investors.vivagroup.se\/wp-content\/uploads\/2025\/06\/Presentation-arsstamma-2025.pdf\" class=\"m-0 fw-bold\">Presentation \u00e5rsst\u00e4mma 2025 (pdf)<\/a>\n\t\t\t\t\t\t<\/div>\n\t\t\t\t\t\t\t\t\t\t\t\t<\/div>\n\t\t<\/article>\n\t<\/section>\n\n\n\n\t<section class=\"section documents bg-light\" id=\"block_5d651e85e6c532b52f8158fdb1876d82\">\n\t\t\t\t<article class=\"editor-content\">\n\t\t\t<h2>\u00c5rsst\u00e4mma 2024<\/h2>\n\t\t\t<div class=\"row mt-2 gy-3\">\n\t\t\t\t\t\t\t\t\t\t<div class=\"col-md-12\">\n\t\t\t\t\t\t\t<a href=\"https:\/\/investors.vivagroup.se\/wp-content\/uploads\/2024\/04\/Kallelse-arsstamma-2024.pdf\" class=\"m-0 fw-bold\">Kallelse \u00e5rsst\u00e4mma 2024 (pdf)<\/a>\n\t\t\t\t\t\t<\/div>\n\t\t\t\t\t\t\t\t\t\t\t<div class=\"col-md-12\">\n\t\t\t\t\t\t\t<a href=\"https:\/\/investors.vivagroup.se\/wp-content\/uploads\/2024\/04\/Fullmaktsformular-arsstamma-2024.pdf\" class=\"m-0 fw-bold\">Fullmaktsformul\u00e4r \u00e5rsst\u00e4mma 2024 (pdf)<\/a>\n\t\t\t\t\t\t<\/div>\n\t\t\t\t\t\t\t\t\t\t\t<div class=\"col-md-12\">\n\t\t\t\t\t\t\t<a href=\"https:\/\/investors.vivagroup.se\/wp-content\/uploads\/2024\/04\/Valberedningens-yttrande-2024.pdf\" class=\"m-0 fw-bold\">Valberedningens yttrande 2024 (pdf)<\/a>\n\t\t\t\t\t\t<\/div>\n\t\t\t\t\t\t\t\t\t\t\t<div class=\"col-md-12\">\n\t\t\t\t\t\t\t<a href=\"https:\/\/investors.vivagroup.se\/wp-content\/uploads\/2024\/04\/Forslag-till-beslut-om-bemyndigande.pdf\" class=\"m-0 fw-bold\">F\u00f6rslag till beslut om bemyndigande (pdf)<\/a>\n\t\t\t\t\t\t<\/div>\n\t\t\t\t\t\t\t\t\t\t\t<div class=\"col-md-12\">\n\t\t\t\t\t\t\t<a href=\"https:\/\/investors.vivagroup.se\/wp-content\/uploads\/2024\/04\/Forslag-till-andring-av-bolagsordningen.pdf\" class=\"m-0 fw-bold\">F\u00f6rslag till \u00e4ndring av bolagsordningen (pdf)<\/a>\n\t\t\t\t\t\t<\/div>\n\t\t\t\t\t\t\t\t\t\t\t<div class=\"col-md-12\">\n\t\t\t\t\t\t\t<a href=\"https:\/\/investors.vivagroup.se\/wp-content\/uploads\/2024\/04\/Forslag-till-ny-bolagsordning.pdf\" class=\"m-0 fw-bold\">F\u00f6rslag till ny bolagsordning (pdf)<\/a>\n\t\t\t\t\t\t<\/div>\n\t\t\t\t\t\t\t\t\t\t\t<div class=\"col-md-12\">\n\t\t\t\t\t\t\t<a href=\"https:\/\/investors.vivagroup.se\/wp-content\/uploads\/2024\/04\/Forslag-till-andring-av-langsiktigt-incitamentsprogram.pdf\" class=\"m-0 fw-bold\">F\u00f6rslag till \u00e4ndring av l\u00e5ngsiktigt incitamentsprogram (pdf)<\/a>\n\t\t\t\t\t\t<\/div>\n\t\t\t\t\t\t\t\t\t\t\t<div class=\"col-md-12\">\n\t\t\t\t\t\t\t<a href=\"https:\/\/investors.vivagroup.se\/wp-content\/uploads\/2024\/05\/Ursprungliga-villkor-for-teckningsoptioner-av-serie-20213.pdf\" class=\"m-0 fw-bold\">Ursprungliga villkor f\u00f6r teckningsoptioner av serie 2021:3 (pdf)<\/a>\n\t\t\t\t\t\t<\/div>\n\t\t\t\t\t\t\t\t\t\t\t<div class=\"col-md-12\">\n\t\t\t\t\t\t\t<a href=\"https:\/\/investors.vivagroup.se\/wp-content\/uploads\/2024\/05\/Forslag-till-villkor-for-teckningsoptioner-av-serie-20213.pdf\" class=\"m-0 fw-bold\">F\u00f6rslag till villkor f\u00f6r teckningsoptioner av serie 2021:3 (pdf)<\/a>\n\t\t\t\t\t\t<\/div>\n\t\t\t\t\t\t\t\t\t\t\t<div class=\"col-md-12\">\n\t\t\t\t\t\t\t<a href=\"https:\/\/investors.vivagroup.se\/wp-content\/uploads\/2024\/05\/Kommunike-arsstamma-2024.pdf\" class=\"m-0 fw-bold\">Kommunik\u00e9 \u00e5rsst\u00e4mma 2024 (pdf)<\/a>\n\t\t\t\t\t\t<\/div>\n\t\t\t\t\t\t\t\t\t\t\t<div class=\"col-md-12\">\n\t\t\t\t\t\t\t<a href=\"https:\/\/investors.vivagroup.se\/wp-content\/uploads\/2024\/06\/Protokoll-arsstamma-2024.pdf\" class=\"m-0 fw-bold\">Protokoll \u00e5rsst\u00e4mma 2024 (pdf)<\/a>\n\t\t\t\t\t\t<\/div>\n\t\t\t\t\t\t\t\t\t\t\t<div class=\"col-md-12\">\n\t\t\t\t\t\t\t<a href=\"https:\/\/investors.vivagroup.se\/wp-content\/uploads\/2024\/06\/Presentation-arsstamma-2024.pdf\" class=\"m-0 fw-bold\">Presentation \u00e5rsst\u00e4mma 2024 (pdf)<\/a>\n\t\t\t\t\t\t<\/div>\n\t\t\t\t\t\t\t\t\t\t\t\t<\/div>\n\t\t<\/article>\n\t<\/section>\n\n\n\n\t<section class=\"section documents bg-light\" id=\"block_9a086fab592a0b6729cd3a3a47d3924e\">\n\t\t\t\t<article class=\"editor-content\">\n\t\t\t<h2>\u00c5rsst\u00e4mma 2023<\/h2>\n\t\t\t<div class=\"row mt-2 gy-3\">\n\t\t\t\t\t\t\t\t\t\t<div class=\"col-md-12\">\n\t\t\t\t\t\t\t<a href=\"https:\/\/investors.vivagroup.se\/wp-content\/uploads\/2023\/04\/Kallelse-till-Viva-Wine-Group-AB-arsstamma-2023.pdf\" class=\"m-0 fw-bold\">Kallelse \u00e5rsst\u00e4mma 2023 (pdf)<\/a>\n\t\t\t\t\t\t<\/div>\n\t\t\t\t\t\t\t\t\t\t\t<div class=\"col-md-12\">\n\t\t\t\t\t\t\t<a href=\"https:\/\/investors.vivagroup.se\/wp-content\/uploads\/2023\/04\/Viva-Wine-Group-fullmaktsformular-AGM-16-maj-2023.pdf\" class=\"m-0 fw-bold\">Fullmaktsformul\u00e4r \u00e5rsst\u00e4mma 2023 (pdf)<\/a>\n\t\t\t\t\t\t<\/div>\n\t\t\t\t\t\t\t\t\t\t\t<div class=\"col-md-12\">\n\t\t\t\t\t\t\t<a href=\"https:\/\/investors.vivagroup.se\/wp-content\/uploads\/2023\/04\/Viva-Wine-Group-valberedningens-yttrande-2023-2.pdf\" class=\"m-0 fw-bold\">Valberedningens yttrande 2023 (pdf)<\/a>\n\t\t\t\t\t\t<\/div>\n\t\t\t\t\t\t\t\t\t\t\t<div class=\"col-md-12\">\n\t\t\t\t\t\t\t<a href=\"https:\/\/investors.vivagroup.se\/wp-content\/uploads\/2023\/05\/Viva-Wine-Group-Presentation-Arsstamma-2023-2.pdf\" class=\"m-0 fw-bold\">Presentation \u00e5rsst\u00e4mma 2023 (pdf)<\/a>\n\t\t\t\t\t\t<\/div>\n\t\t\t\t\t\t\t\t\t\t\t<div class=\"col-md-12\">\n\t\t\t\t\t\t\t<a href=\"https:\/\/investors.vivagroup.se\/wp-content\/uploads\/2023\/05\/c1f81988-c69d-4698-9006-0755a71d0b85_kommunike-fran-viva-wine-groups-arsstamma-2023.pdf\" class=\"m-0 fw-bold\">Kommunik\u00e9 \u00e5rsst\u00e4mma 2023 (pdf)<\/a>\n\t\t\t\t\t\t<\/div>\n\t\t\t\t\t\t\t\t\t\t\t<div class=\"col-md-12\">\n\t\t\t\t\t\t\t<a href=\"https:\/\/investors.vivagroup.se\/wp-content\/uploads\/2023\/05\/Viva-Wine-Group-protokoll-arsstamma-2023.pdf\" class=\"m-0 fw-bold\">Protokoll \u00e5rsst\u00e4mma 2023 (pdf)<\/a>\n\t\t\t\t\t\t<\/div>\n\t\t\t\t\t\t\t\t\t\t\t\t<\/div>\n\t\t<\/article>\n\t<\/section>\n\n\n\n\t<section class=\"section documents bg-light\" id=\"block_d80618b6c76965735aec445bd7645f3b\">\n\t\t\t\t<article class=\"editor-content\">\n\t\t\t<h2>\u00c5rsst\u00e4mma 2022<\/h2>\n\t\t\t<div class=\"row mt-2 gy-3\">\n\t\t\t\t\t\t\t\t\t\t<div class=\"col-md-12\">\n\t\t\t\t\t\t\t<a href=\"https:\/\/investors.vivagroup.se\/wp-content\/uploads\/2022\/04\/Kallelse-arsstamma-maj-2022.pdf\" class=\"m-0 fw-bold\">Kallelse \u00e5rsst\u00e4mma 2022 (pdf)<\/a>\n\t\t\t\t\t\t<\/div>\n\t\t\t\t\t\t\t\t\t\t\t<div class=\"col-md-12\">\n\t\t\t\t\t\t\t<a href=\"https:\/\/investors.vivagroup.se\/wp-content\/uploads\/2022\/04\/Formular-for-forhandsrostning-arsstamma-2022.pdf\" class=\"m-0 fw-bold\">Formul\u00e4r f\u00f6r f\u00f6rhandsr\u00f6stning \u00e5rsst\u00e4mma 2022 (pdf)<\/a>\n\t\t\t\t\t\t<\/div>\n\t\t\t\t\t\t\t\t\t\t\t<div class=\"col-md-12\">\n\t\t\t\t\t\t\t<a href=\"https:\/\/investors.vivagroup.se\/wp-content\/uploads\/2022\/04\/Fullmaktsformular-arsstamma-2022.pdf\" class=\"m-0 fw-bold\">Fullmaktsformul\u00e4r \u00e5rsst\u00e4mma 2022 (pdf)<\/a>\n\t\t\t\t\t\t<\/div>\n\t\t\t\t\t\t\t\t\t\t\t<div class=\"col-md-12\">\n\t\t\t\t\t\t\t<a href=\"https:\/\/investors.vivagroup.se\/wp-content\/uploads\/2022\/06\/Kommunike-arsstamma-20-maj-2022-Viva-Wine-Group-AB.pdf\" class=\"m-0 fw-bold\">Kommunik\u00e9 \u00e5rsst\u00e4mma 2022 (pdf)<\/a>\n\t\t\t\t\t\t<\/div>\n\t\t\t\t\t\t\t\t\t\t\t<div class=\"col-md-12\">\n\t\t\t\t\t\t\t<a href=\"https:\/\/investors.vivagroup.se\/wp-content\/uploads\/2022\/06\/Protokoll-AGM-20-maj-2022-Viva-Wine-Group-AB.pdf\" class=\"m-0 fw-bold\">Protokoll \u00e5rsst\u00e4mma 2022 (pdf)<\/a>\n\t\t\t\t\t\t<\/div>\n\t\t\t\t\t\t\t\t\t\t\t\t<\/div>\n\t\t<\/article>\n\t<\/section>\n\n\n<section class=\"section ircontacts\" id=\"block_967c64bbc2d6add4b6cb2b18603c863f\" >\n    <article class=\"ircontacts__content editor-content\">\n        <div class=\"row\">\n            <div class=\"col\">\n                                    <h2 class=\"h1\">IR Kontakter<\/h2>\n                \n                            <\/div>\n        <\/div>\n        <div class=\"row g-3 mt-0\">\n                        <div class=\"col-md-6\">\n                <div class=\"bg-light h-100\">\n                    <div class=\"p-3 h-100\">\n                        <div class=\"row h-100\">\n                                                            <div class=\"col-lg-5 col-xl-4 ircontacts__img\">\n                                   <img loading=\"lazy\" decoding=\"async\" width=\"399\" height=\"400\" src=\"https:\/\/investors.vivagroup.se\/wp-content\/uploads\/2021\/11\/Linn-Gafvert_neutral-bakgrund-kvadratisk.jpg\" class=\"img-fluid\" alt=\"\" srcset=\"https:\/\/investors.vivagroup.se\/wp-content\/uploads\/2021\/11\/Linn-Gafvert_neutral-bakgrund-kvadratisk.jpg 399w, https:\/\/investors.vivagroup.se\/wp-content\/uploads\/2021\/11\/Linn-Gafvert_neutral-bakgrund-kvadratisk-300x300.jpg 300w, https:\/\/investors.vivagroup.se\/wp-content\/uploads\/2021\/11\/Linn-Gafvert_neutral-bakgrund-kvadratisk-150x150.jpg 150w, https:\/\/investors.vivagroup.se\/wp-content\/uploads\/2021\/11\/Linn-Gafvert_neutral-bakgrund-kvadratisk-250x250.jpg 250w\" sizes=\"auto, (max-width: 399px) 100vw, 399px\" \/>                                <\/div>\n                                                        <div class=\"col-lg-7 col-xl-8 mt-3 ircontacts__text\">\n                                <h4>Linn G\u00e4fvert<\/h4>\n                                <p>CFO Viva Wine Group<\/p>\n                                <a href=\"mailto:linn.gafvert@vivagroup.se\">linn.gafvert@vivagroup.se<\/a>\n                            <\/div>\n                        <\/div>\n                    <\/div>\n                <\/div>\n            <\/div>\n                        <div class=\"col-md-6\">\n                <div class=\"bg-light h-100\">\n                    <div class=\"p-3 h-100\">\n                        <div class=\"row h-100\">\n                                                            <div class=\"col-lg-5 col-xl-4 ircontacts__img\">\n                                   <img loading=\"lazy\" decoding=\"async\" width=\"400\" height=\"400\" src=\"https:\/\/investors.vivagroup.se\/wp-content\/uploads\/2021\/11\/Emil-Sallnas_neutral-bakgrund-kvadratisk.jpg\" class=\"img-fluid\" alt=\"\" srcset=\"https:\/\/investors.vivagroup.se\/wp-content\/uploads\/2021\/11\/Emil-Sallnas_neutral-bakgrund-kvadratisk.jpg 400w, https:\/\/investors.vivagroup.se\/wp-content\/uploads\/2021\/11\/Emil-Sallnas_neutral-bakgrund-kvadratisk-300x300.jpg 300w, https:\/\/investors.vivagroup.se\/wp-content\/uploads\/2021\/11\/Emil-Sallnas_neutral-bakgrund-kvadratisk-150x150.jpg 150w, https:\/\/investors.vivagroup.se\/wp-content\/uploads\/2021\/11\/Emil-Sallnas_neutral-bakgrund-kvadratisk-250x250.jpg 250w\" sizes=\"auto, (max-width: 400px) 100vw, 400px\" \/>                                <\/div>\n                                                        <div class=\"col-lg-7 col-xl-8 mt-3 ircontacts__text\">\n                                <h4>Emil Salln\u00e4s<\/h4>\n                                <p>CEO Viva Wine Group<\/p>\n                                <a href=\"mailto:emil.sallnas@vivagroup.se\">emil.sallnas@vivagroup.se<\/a>\n                            <\/div>\n                        <\/div>\n                    <\/div>\n                <\/div>\n            <\/div>\n                    <\/div>\n    <\/article>\n<\/section>\n\n<section class=\"section attachments\" id=\"block_66b35e463a42491a6d857746eddfb668\" >\n    <article class=\"attachments__content\">\n        <div class=\"row\">\n            <div class=\"col\">\n                <div class=\"editor-content\">\n                    \n                                    <\/div>\n            <\/div>\n            <div class=\"row g-3\">\n                            <\/div>\n        <\/div>\n    <\/article>\n<\/section>\n\n<section class=\"section attachments\" id=\"block_66b35e463a42491a6d857746eddfb668\" >\n    <article class=\"attachments__content\">\n        <div class=\"row\">\n            <div class=\"col\">\n                <div class=\"editor-content\">\n                    \n                                    <\/div>\n            <\/div>\n            <div class=\"row g-3\">\n                            <\/div>\n        <\/div>\n    <\/article>\n<\/section>\n\n<section class=\"section attachments\" id=\"block_66b35e463a42491a6d857746eddfb668\" >\n    <article class=\"attachments__content\">\n        <div class=\"row\">\n            <div class=\"col\">\n                <div class=\"editor-content\">\n                    \n                                    <\/div>\n            <\/div>\n            <div class=\"row g-3\">\n                            <\/div>\n        <\/div>\n    <\/article>\n<\/section>","protected":false},"excerpt":{"rendered":"","protected":false},"author":1,"featured_media":0,"parent":0,"menu_order":0,"comment_status":"closed","ping_status":"closed","template":"","meta":{"_acf_changed":false,"_seopress_robots_primary_cat":"","_seopress_titles_title":"","_seopress_titles_desc":"","_seopress_robots_index":"","footnotes":""},"class_list":["post-962","page","type-page","status-publish","hentry"],"acf":[],"_links":{"self":[{"href":"https:\/\/investors.vivagroup.se\/sv\/wp-json\/wp\/v2\/pages\/962","targetHints":{"allow":["GET"]}}],"collection":[{"href":"https:\/\/investors.vivagroup.se\/sv\/wp-json\/wp\/v2\/pages"}],"about":[{"href":"https:\/\/investors.vivagroup.se\/sv\/wp-json\/wp\/v2\/types\/page"}],"author":[{"embeddable":true,"href":"https:\/\/investors.vivagroup.se\/sv\/wp-json\/wp\/v2\/users\/1"}],"replies":[{"embeddable":true,"href":"https:\/\/investors.vivagroup.se\/sv\/wp-json\/wp\/v2\/comments?post=962"}],"version-history":[{"count":60,"href":"https:\/\/investors.vivagroup.se\/sv\/wp-json\/wp\/v2\/pages\/962\/revisions"}],"predecessor-version":[{"id":3403,"href":"https:\/\/investors.vivagroup.se\/sv\/wp-json\/wp\/v2\/pages\/962\/revisions\/3403"}],"wp:attachment":[{"href":"https:\/\/investors.vivagroup.se\/sv\/wp-json\/wp\/v2\/media?parent=962"}],"curies":[{"name":"wp","href":"https:\/\/api.w.org\/{rel}","templated":true}]}}