{"id":974,"date":"2021-11-25T11:05:46","date_gmt":"2021-11-25T10:05:46","guid":{"rendered":"https:\/\/investors.vivagroup.se\/press-releases\/"},"modified":"2022-02-24T11:59:27","modified_gmt":"2022-02-24T10:59:27","slug":"pressmeddelanden","status":"publish","type":"page","link":"https:\/\/investors.vivagroup.se\/sv\/pressmeddelanden\/","title":{"rendered":"Pressmeddelanden"},"content":{"rendered":"\n            <section class=\"section header\" id=\"block_1b01c688bcacbdcc50608f457a3a2a3f\" style=\"background: linear-gradient(0deg, rgba(0, 0, 0, 0.3), rgba(0, 0, 0, 0.3)), url('https:\/\/investors.vivagroup.se\/wp-content\/uploads\/2021\/11\/Vingard-Italien-i-solnedgang-iStock-477786438-M-1.jpg'), #EFEFEF\">\n            <article class=\"hero__content editor-content\">\n                <span class=\"badge\"><\/span>\n                            <\/article>\n        <\/section>\n                <nav class=\"navbar navbar-expand-lg navbar-light\" id=\"ir-navbar\">\n            <div class=\"nav-toggle collapsed\" data-bs-toggle=\"collapse\" data-bs-target=\"#ir-menu\" aria-controls=\"ir-menu\" aria-expanded=\"false\" aria-label=\"Toggle navigation\">\n                <a class=\"m-0 text-secondary\">Investors<\/a>\n            <\/div>\n\n            <div class=\"collapse navbar-collapse\" id=\"ir-menu\">\n                <ul id=\"menu-ir-swedish\" class=\"navbar-nav justify-content-center mb-2 mb-md-0 p-0 navbar-nav container-fluid\"><li  id=\"menu-item-3544\" class=\"menu-item menu-item-type-custom menu-item-object-custom menu-item-has-children dropdown nav-item nav-item-3544\"><a href=\"#\" class=\"nav-link  dropdown-toggle\" data-bs-toggle=\"dropdown\" aria-haspopup=\"true\" aria-expanded=\"false\">Erbjudandehandlingar<\/a>\n<ul class=\"dropdown-menu  depth_0\">\n\t<li  id=\"menu-item-3723\" class=\"menu-item menu-item-type-post_type menu-item-object-page nav-item nav-item-3723\"><a href=\"https:\/\/investors.vivagroup.se\/sv\/notering-nasdaq-stockholm-2025\/\" class=\"dropdown-item \">Notering Nasdaq Stockholm 2025<\/a><\/li>\n\t<li  id=\"menu-item-3543\" class=\"menu-item menu-item-type-post_type menu-item-object-page nav-item nav-item-3543\"><a href=\"https:\/\/investors.vivagroup.se\/sv\/nyemission-2025\/\" class=\"dropdown-item \">Nyemission 2025<\/a><\/li>\n\t<li  id=\"menu-item-1091\" class=\"menu-item menu-item-type-post_type menu-item-object-page nav-item nav-item-1091\"><a href=\"https:\/\/investors.vivagroup.se\/sv\/ipo\/\" class=\"dropdown-item \">IPO<\/a><\/li>\n<\/ul>\n<\/li>\n<li  id=\"menu-item-1093\" class=\"menu-item menu-item-type-post_type menu-item-object-page nav-item nav-item-1093\"><a href=\"https:\/\/investors.vivagroup.se\/sv\/rapporter-presentationer\/\" class=\"nav-link \">Rapporter &#038; presentationer<\/a><\/li>\n<li  id=\"menu-item-1092\" class=\"menu-item menu-item-type-post_type menu-item-object-page nav-item nav-item-1092\"><a href=\"https:\/\/investors.vivagroup.se\/sv\/pressmeddelanden\/\" class=\"nav-link \">Pressmeddelanden<\/a><\/li>\n<li  id=\"menu-item-1094\" class=\"menu-item menu-item-type-post_type menu-item-object-page menu-item-has-children dropdown nav-item nav-item-1094\"><a href=\"https:\/\/investors.vivagroup.se\/sv\/corporate-governance\/\" class=\"nav-link  dropdown-toggle\" data-bs-toggle=\"dropdown\" aria-haspopup=\"true\" aria-expanded=\"false\">Bolagsstyrning<\/a>\n<ul class=\"dropdown-menu  depth_0\">\n\t<li  id=\"menu-item-1449\" class=\"menu-item menu-item-type-post_type menu-item-object-page nav-item nav-item-1449\"><a href=\"https:\/\/investors.vivagroup.se\/sv\/corporate-governance\/\" class=\"dropdown-item \">Bolagsstyrning<\/a><\/li>\n\t<li  id=\"menu-item-1113\" class=\"menu-item menu-item-type-post_type menu-item-object-page nav-item nav-item-1113\"><a href=\"https:\/\/investors.vivagroup.se\/sv\/bolagsordning\/\" class=\"dropdown-item \">Bolagsordning<\/a><\/li>\n\t<li  id=\"menu-item-1099\" class=\"menu-item menu-item-type-post_type menu-item-object-page nav-item nav-item-1099\"><a href=\"https:\/\/investors.vivagroup.se\/sv\/bolagsstamma\/\" class=\"dropdown-item \">Bolagsst\u00e4mma<\/a><\/li>\n\t<li  id=\"menu-item-1111\" class=\"menu-item menu-item-type-post_type menu-item-object-page nav-item nav-item-1111\"><a href=\"https:\/\/investors.vivagroup.se\/sv\/revisorer\/\" class=\"dropdown-item \">Revisorer<\/a><\/li>\n\t<li  id=\"menu-item-1100\" class=\"menu-item menu-item-type-post_type menu-item-object-page nav-item nav-item-1100\"><a href=\"https:\/\/investors.vivagroup.se\/sv\/valberedning\/\" class=\"dropdown-item \">Valberedning<\/a><\/li>\n\t<li  id=\"menu-item-2266\" class=\"menu-item menu-item-type-post_type menu-item-object-page nav-item nav-item-2266\"><a href=\"https:\/\/investors.vivagroup.se\/sv\/styrelse\/\" class=\"dropdown-item \">Styrelse<\/a><\/li>\n\t<li  id=\"menu-item-1096\" class=\"menu-item menu-item-type-post_type menu-item-object-page nav-item nav-item-1096\"><a href=\"https:\/\/investors.vivagroup.se\/sv\/kommitteer\/\" class=\"dropdown-item \">Kommitt\u00e9er<\/a><\/li>\n\t<li  id=\"menu-item-1143\" class=\"menu-item menu-item-type-post_type menu-item-object-page nav-item nav-item-1143\"><a href=\"https:\/\/investors.vivagroup.se\/sv\/ledning\/\" class=\"dropdown-item \">Ledning<\/a><\/li>\n<\/ul>\n<\/li>\n<li  id=\"menu-item-1118\" class=\"menu-item menu-item-type-post_type menu-item-object-page nav-item nav-item-1118\"><a href=\"https:\/\/investors.vivagroup.se\/sv\/kalender\/\" class=\"nav-link \">Finansiell kalender<\/a><\/li>\n<li  id=\"menu-item-1635\" class=\"menu-item menu-item-type-post_type menu-item-object-page nav-item nav-item-1635\"><a href=\"https:\/\/investors.vivagroup.se\/sv\/aktien\/\" class=\"nav-link \">Aktien<\/a><\/li>\n<\/ul>            <\/div>\n        <\/nav>\n    \n\n            <hr class=\"m-0\">\n        <section class=\"section breadcrumb mt-3 my-2\" id=\"block_6193cdc3b0177\">\n            <ul class=\"breadcrumb\">\n                <li><a href=\"\/sv\/\" title=\"Home\">Hem<\/a><\/li>            <\/ul>\n        <\/section>\n    \n\n \n<section class=\"section pressreleases-big\" id=\"block_6193cdf8b0179\" >\n    <article class=\"pressreleases-big__content\">\n        <div class=\"list editor-content\">\n                            <h1>Pressmeddelanden<\/h1>\n                                        <div class=\"teaser\">\n                                    <\/div>\n            \n\n            <div class=\"filters\">\n                <ul class=\"years d-none d-md-block\">\n                                                                        <li class=\"active\"><a href=\"\/sv\/wp-json\/wp\/v2\/pages\/974\/?s_year=2026&#038;type=\">2026<\/a><\/li>\n                                                                                                <li><a href=\"\/sv\/wp-json\/wp\/v2\/pages\/974\/?s_year=2025&#038;type=\">2025<\/a><\/li>\n                                                                                                <li><a href=\"\/sv\/wp-json\/wp\/v2\/pages\/974\/?s_year=2024&#038;type=\">2024<\/a><\/li>\n                                                                                                <li><a href=\"\/sv\/wp-json\/wp\/v2\/pages\/974\/?s_year=2023&#038;type=\">2023<\/a><\/li>\n                                                                                                <li><a href=\"\/sv\/wp-json\/wp\/v2\/pages\/974\/?s_year=2022&#038;type=\">2022<\/a><\/li>\n                                                                                                <li><a href=\"\/sv\/wp-json\/wp\/v2\/pages\/974\/?s_year=2021&#038;type=\">2021<\/a><\/li>\n                                                            <\/ul>\n                <ul class=\"regulatory d-none d-md-block\">\n                                                                        <li class=\"active\"><a href=\"\/sv\/wp-json\/wp\/v2\/pages\/974\/?s_year=2026\">Alla<\/a><\/li>\n                                                                                                <li><a href=\"\/sv\/wp-json\/wp\/v2\/pages\/974\/?s_year=2026&#038;type=0\">Icke regulatoriska<\/a><\/li>\n                                                                                                <li><a href=\"\/sv\/wp-json\/wp\/v2\/pages\/974\/?s_year=2026&#038;type=1\">Regulatoriska<\/a><\/li>\n                                                            <\/ul>\n\n                <div class=\"row d-md-none\">\n                    <div class=\"col-6 text-center\">\n                        <label for=\"pressrelease_year\" class=\"form-label\">Select year<\/label>\n                    <\/div>\n                    <div class=\"col-6 text-center\">\n                        <label for=\"pressrelease_type\" class=\"form-label\">Select type<\/label>\n                    <\/div>\n                <\/div>\n                <div class=\"row d-md-none mb-3\">\n                    <div class=\"col-6\">\n                        <select class=\"form-control\" id=\"pressrelease_year\">\n\t\t                                                    <option value=\"\/sv\/wp-json\/wp\/v2\/pages\/974\/?s_year=2026&#038;type=\" selected>2026<\/option>\n\t\t                                                    <option value=\"\/sv\/wp-json\/wp\/v2\/pages\/974\/?s_year=2025&#038;type=\" >2025<\/option>\n\t\t                                                    <option value=\"\/sv\/wp-json\/wp\/v2\/pages\/974\/?s_year=2024&#038;type=\" >2024<\/option>\n\t\t                                                    <option value=\"\/sv\/wp-json\/wp\/v2\/pages\/974\/?s_year=2023&#038;type=\" >2023<\/option>\n\t\t                                                    <option value=\"\/sv\/wp-json\/wp\/v2\/pages\/974\/?s_year=2022&#038;type=\" >2022<\/option>\n\t\t                                                    <option value=\"\/sv\/wp-json\/wp\/v2\/pages\/974\/?s_year=2021&#038;type=\" >2021<\/option>\n\t\t                                            <\/select>\n                    <\/div>\n                    <div class=\"col-6\">\n                        <select class=\"form-control\" id=\"pressrelease_type\">\n\t\t                                                    <option value=\"\/sv\/wp-json\/wp\/v2\/pages\/974\/?s_year=2026\" selected>Alla<\/option>\n\t\t                                                    <option value=\"\/sv\/wp-json\/wp\/v2\/pages\/974\/?s_year=2026&#038;type=0\" >Icke regulatoriska<\/option>\n\t\t                                                    <option value=\"\/sv\/wp-json\/wp\/v2\/pages\/974\/?s_year=2026&#038;type=1\" >Regulatoriska<\/option>\n\t\t                                            <\/select>\n                    <\/div>\n                <\/div>\n            <\/div>\n\n\n            <div class=\"row gy-3 mt-3\">\n                \n                                    <div class=\"col-12\">\n                        <small class=\"date\">2026-02-19 \/ Regulatoriska<\/small>\n                        <a class=\"h3\" href=\"https:\/\/investors.vivagroup.se\/sv\/pressrelease\/q4-2025-kraftig-tillvaxt-och-stark-marginal\/\">Q4 2025: Kraftig tillv\u00e4xt och stark marginal<\/a>\n                    <\/div>\n                                    <div class=\"col-12\">\n                        <small class=\"date\">2026-02-12 \/ Icke regulatoriska<\/small>\n                        <a class=\"h3\" href=\"https:\/\/investors.vivagroup.se\/sv\/pressrelease\/presentation-av-viva-wine-groups-bokslutskommunike-2025\/\">Presentation av Viva Wine Groups bokslutskommunik\u00e9 2025<\/a>\n                    <\/div>\n                                    <div class=\"col-12\">\n                        <small class=\"date\">2026-02-02 \/ Icke regulatoriska<\/small>\n                        <a class=\"h3\" href=\"https:\/\/investors.vivagroup.se\/sv\/pressrelease\/viva-wine-group-ab-slutfor-forvarvet-av-majoritetspost-i-alpha-brands\/\">Viva Wine Group AB slutf\u00f6r f\u00f6rv\u00e4rvet av majoritetspost i Alpha Brands<\/a>\n                    <\/div>\n                                    <div class=\"col-12\">\n                        <small class=\"date\">2026-01-23 \/ Icke regulatoriska<\/small>\n                        <a class=\"h3\" href=\"https:\/\/investors.vivagroup.se\/sv\/pressrelease\/viva-wine-group-ab-forvarvar-majoritetspost-i-alpha-brands\/\">Viva Wine Group AB f\u00f6rv\u00e4rvar majoritetspost i Alpha Brands<\/a>\n                    <\/div>\n                                    <div class=\"col-12\">\n                        <small class=\"date\">2026-01-19 \/ Regulatoriska<\/small>\n                        <a class=\"h3\" href=\"https:\/\/investors.vivagroup.se\/sv\/pressrelease\/linn-gafvert-utses-till-vice-vd-i-viva-wine-group\/\">Linn G\u00e4fvert utses till vice VD i Viva Wine Group<\/a>\n                    <\/div>\n                            <\/div>\n        <\/div>\n    <\/article>\n<\/section>\n\n\n\n    <section class=\"section mf-widget\" id=\"block_61b388df5810b\">\n        <article class=\"mf_widget__content editor-content\">\n                                            <h2>Prenumeration<\/h2>\n                \n                <div id=\"widget-block_61b388df5810b\"><\/div>\n\n                <script>\n                    (function(widgets) {\n                        var url = \"https:\/\/widget.datablocks.se\/api\/rose\";\n                        if (!window._MF) {\n                            var b = document.createElement(\"script\");\n                            b.type = \"text\/javascript\";\n                            b.async = true;\n                            b.src = url + \"\/assets\/js\/loader-v4.js\";\n                            document.getElementsByTagName(\"body\")[0].appendChild(b);\n                            }\n                            window._MF = window._MF || {\n                            data: [],\n                            url: url,\n                            ready: !!0,\n                            render: function() { window._MF.ready = !0 },\n                            push: function(w) { window._MF.data.push(w) }\n                            };\t\n                            window._MF.push(widgets);\n                    })([{\n                        query:\"#widget-block_61b388df5810b\"\n                        ,widget: \"subscribe-v2\"\n                        ,locale: \"sv\"\n                        ,token: \"1922d797-6270-471a-8132-c253eabd5326\"\n                    }],\n                    );\n                <\/script>\n                    <\/article>\n    <\/section>\n\n<section class=\"section ircontacts\" id=\"block_d3ca5f4a9459b02481296592390de090\" >\n    <article class=\"ircontacts__content editor-content\">\n        <div class=\"row\">\n            <div class=\"col\">\n                                    <h2 class=\"h1\">IR Kontakter<\/h2>\n                \n                            <\/div>\n        <\/div>\n        <div class=\"row g-3 mt-0\">\n                        <div class=\"col-md-6\">\n                <div class=\"bg-light h-100\">\n                    <div class=\"p-3 h-100\">\n                        <div class=\"row h-100\">\n                                                            <div class=\"col-lg-5 col-xl-4 ircontacts__img\">\n                                   <img loading=\"lazy\" decoding=\"async\" width=\"399\" height=\"400\" src=\"https:\/\/investors.vivagroup.se\/wp-content\/uploads\/2021\/11\/Linn-Gafvert_neutral-bakgrund-kvadratisk.jpg\" class=\"img-fluid\" alt=\"\" srcset=\"https:\/\/investors.vivagroup.se\/wp-content\/uploads\/2021\/11\/Linn-Gafvert_neutral-bakgrund-kvadratisk.jpg 399w, https:\/\/investors.vivagroup.se\/wp-content\/uploads\/2021\/11\/Linn-Gafvert_neutral-bakgrund-kvadratisk-300x300.jpg 300w, https:\/\/investors.vivagroup.se\/wp-content\/uploads\/2021\/11\/Linn-Gafvert_neutral-bakgrund-kvadratisk-150x150.jpg 150w, https:\/\/investors.vivagroup.se\/wp-content\/uploads\/2021\/11\/Linn-Gafvert_neutral-bakgrund-kvadratisk-250x250.jpg 250w\" sizes=\"auto, (max-width: 399px) 100vw, 399px\" \/>                                <\/div>\n                                                        <div class=\"col-lg-7 col-xl-8 mt-3 ircontacts__text\">\n                                <h4>Linn G\u00e4fvert<\/h4>\n                                <p>CFO Viva Wine Group<\/p>\n                                <a href=\"mailto:linn.gafvert@vivagroup.se\">linn.gafvert@vivagroup.se<\/a>\n                            <\/div>\n                        <\/div>\n                    <\/div>\n                <\/div>\n            <\/div>\n                        <div class=\"col-md-6\">\n                <div class=\"bg-light h-100\">\n                    <div class=\"p-3 h-100\">\n                        <div class=\"row h-100\">\n                                                            <div class=\"col-lg-5 col-xl-4 ircontacts__img\">\n                                   <img loading=\"lazy\" decoding=\"async\" width=\"400\" height=\"400\" src=\"https:\/\/investors.vivagroup.se\/wp-content\/uploads\/2021\/11\/Emil-Sallnas_neutral-bakgrund-kvadratisk.jpg\" class=\"img-fluid\" alt=\"\" srcset=\"https:\/\/investors.vivagroup.se\/wp-content\/uploads\/2021\/11\/Emil-Sallnas_neutral-bakgrund-kvadratisk.jpg 400w, https:\/\/investors.vivagroup.se\/wp-content\/uploads\/2021\/11\/Emil-Sallnas_neutral-bakgrund-kvadratisk-300x300.jpg 300w, https:\/\/investors.vivagroup.se\/wp-content\/uploads\/2021\/11\/Emil-Sallnas_neutral-bakgrund-kvadratisk-150x150.jpg 150w, https:\/\/investors.vivagroup.se\/wp-content\/uploads\/2021\/11\/Emil-Sallnas_neutral-bakgrund-kvadratisk-250x250.jpg 250w\" sizes=\"auto, (max-width: 400px) 100vw, 400px\" \/>                                <\/div>\n                                                        <div class=\"col-lg-7 col-xl-8 mt-3 ircontacts__text\">\n                                <h4>Emil Salln\u00e4s<\/h4>\n                                <p>CEO Viva Wine Group<\/p>\n                                <a href=\"mailto:emil.sallnas@vivagroup.se\">emil.sallnas@vivagroup.se<\/a>\n                            <\/div>\n                        <\/div>\n                    <\/div>\n                <\/div>\n            <\/div>\n                    <\/div>\n    <\/article>\n<\/section>","protected":false},"excerpt":{"rendered":"","protected":false},"author":1,"featured_media":0,"parent":0,"menu_order":0,"comment_status":"closed","ping_status":"closed","template":"","meta":{"_acf_changed":false,"_seopress_robots_primary_cat":"","_seopress_titles_title":"","_seopress_titles_desc":"","_seopress_robots_index":"","footnotes":""},"class_list":["post-974","page","type-page","status-publish","hentry"],"acf":[],"_links":{"self":[{"href":"https:\/\/investors.vivagroup.se\/sv\/wp-json\/wp\/v2\/pages\/974","targetHints":{"allow":["GET"]}}],"collection":[{"href":"https:\/\/investors.vivagroup.se\/sv\/wp-json\/wp\/v2\/pages"}],"about":[{"href":"https:\/\/investors.vivagroup.se\/sv\/wp-json\/wp\/v2\/types\/page"}],"author":[{"embeddable":true,"href":"https:\/\/investors.vivagroup.se\/sv\/wp-json\/wp\/v2\/users\/1"}],"replies":[{"embeddable":true,"href":"https:\/\/investors.vivagroup.se\/sv\/wp-json\/wp\/v2\/comments?post=974"}],"version-history":[{"count":11,"href":"https:\/\/investors.vivagroup.se\/sv\/wp-json\/wp\/v2\/pages\/974\/revisions"}],"predecessor-version":[{"id":1714,"href":"https:\/\/investors.vivagroup.se\/sv\/wp-json\/wp\/v2\/pages\/974\/revisions\/1714"}],"wp:attachment":[{"href":"https:\/\/investors.vivagroup.se\/sv\/wp-json\/wp\/v2\/media?parent=974"}],"curies":[{"name":"wp","href":"https:\/\/api.w.org\/{rel}","templated":true}]}}